{"id":15513,"date":"2024-04-15T10:45:09","date_gmt":"2024-04-15T08:45:09","guid":{"rendered":"https:\/\/renaissance.szczecin.pl\/galerie\/"},"modified":"2024-04-15T10:45:09","modified_gmt":"2024-04-15T08:45:09","slug":"galerie","status":"publish","type":"page","link":"https:\/\/renaissance.szczecin.pl\/de\/galerie\/","title":{"rendered":"Galerie"},"content":{"rendered":"<div class=\"vamtam-blank-space \" style=\"height:15px\"><\/div>\n<div class=\"limit-wrapper\"><div class=\"row \"><div class=\"vamtam-grid grid-1-1  vamtam-first-level grid-1-1  first unextended no-extended-padding\" style=\"padding-top:0.05px;padding-bottom:0.05px;\" id=\"vamtam-column-853a33f3320fcd75a58addff277b9f50\" ><p><style type=\"text\/css\" scoped>.rbs_gallery_6a081558a1bf2Spinner{\r\n\t\t\t\tmargin: 50px auto;\r\n\t\t\t\twidth: 50px;\r\n\t\t\t\theight: 40px;\r\n\t\t\t\ttext-align: center;\r\n\t\t\t\tfont-size: 10px;\r\n\t\t\t}\r\n\t\t\t.rbs_gallery_6a081558a1bf2Spinner > div{\r\n\t\t\t  background-color: #333;\r\n\t\t\t  height: 100%;\r\n\t\t\t  width: 6px;\r\n\t\t\t  display: inline-block;\r\n\t\t\t  -webkit-animation: rbs_gallery_6a081558a1bf2-stretchdelay 1.2s infinite ease-in-out;\r\n\t\t\t  animation: rbs_gallery_6a081558a1bf2-stretchdelay 1.2s infinite ease-in-out;\r\n\t\t\t}\r\n\t\t\t.rbs_gallery_6a081558a1bf2Spinner .rbs_gallery_6a081558a1bf2Rect2 {\r\n\t\t\t  -webkit-animation-delay: -1.1s;\r\n\t\t\t  animation-delay: -1.1s;\r\n\t\t\t}\r\n\t\t\t.rbs_gallery_6a081558a1bf2Spinner .rbs_gallery_6a081558a1bf2Rect3 {\r\n\t\t\t  -webkit-animation-delay: -1.0s;\r\n\t\t\t  animation-delay: -1.0s;\r\n\t\t\t}\r\n\t\t\t.rbs_gallery_6a081558a1bf2Spinner .rbs_gallery_6a081558a1bf2Rect4 {\r\n\t\t\t  -webkit-animation-delay: -0.9s;\r\n\t\t\t  animation-delay: -0.9s;\r\n\t\t\t}\r\n\t\t\t.rbs_gallery_6a081558a1bf2Spinner .rbs_gallery_6a081558a1bf2Rect5 {\r\n\t\t\t  -webkit-animation-delay: -0.8s;\r\n\t\t\t  animation-delay: -0.8s;\r\n\t\t\t}\r\n\t\t\t@-webkit-keyframes rbs_gallery_6a081558a1bf2-stretchdelay {\r\n\t\t\t  0%, 40%, 100% { -webkit-transform: scaleY(0.4) }  \r\n\t\t\t  20% { -webkit-transform: scaleY(1.0) }\r\n\t\t\t}\r\n\t\t\t@keyframes rbs_gallery_6a081558a1bf2-stretchdelay {\r\n\t\t\t  0%, 40%, 100% { \r\n\t\t\t    transform: scaleY(0.4);\r\n\t\t\t    -webkit-transform: scaleY(0.4);\r\n\t\t\t  }  20% { \r\n\t\t\t    transform: scaleY(1.0);\r\n\t\t\t    -webkit-transform: scaleY(1.0);\r\n\t\t\t  }\r\n\t\t\t}\r\n\t\t<\/style><div class=\"robo-gallery-wrap robo-gallery-wrap-id14874 robo-gallery-masonry\" ><div id=\"rbs_gallery_6a081558a1bf2-block-loader\" class=\"rbs_gallery_6a081558a1bf2Spinner\"><div class=\"rbs_gallery_6a081558a1bf2Rect1\"><\/div> <div class=\"rbs_gallery_6a081558a1bf2Rect2\"><\/div> <div class=\"rbs_gallery_6a081558a1bf2Rect3\"><\/div> <div class=\"rbs_gallery_6a081558a1bf2Rect4\"><\/div> <div class=\"rbs_gallery_6a081558a1bf2Rect5\"><\/div><\/div><div id=\"robo_gallery_main_block_rbs_gallery_6a081558a1bf2\" class=\"robogallery-gallery-14874\" style=\"width:100%;  display: none;\"><div id=\"rbs_gallery_6a081558a1bf2\" data-options=\"rbs_gallery_6a081558a1bf2\" style=\"width:100%;\" class=\"robo_gallery  \"><div class=\"rbs-img  category14874 \" ><div class=\"rbs-img-image   rbs-lightbox \" ><div class=\"rbs-img-thumbs\"  data-thumbnail=\"https:\/\/renaissance.szczecin.pl\/wp-content\/uploads\/2023\/02\/Falafel-z-salatka-z-kopru-wloskiego-600x800.jpg\"  title=\"Falafel z sa\u0142atk\u0105 z kopru w\u0142oskiego\"  data-width=\"600\"  data-height=\"800\" ><\/div><div class=\"rbs-img-data-popup\"  data-popup=\"https:\/\/renaissance.szczecin.pl\/wp-content\/uploads\/2023\/02\/Falafel-z-salatka-z-kopru-wloskiego.jpg\"  title=\"Falafel z sa\u0142atk\u0105 z kopru w\u0142oskiego\"  data-alt=\"Falafel z sa\u0142atk\u0105 z kopru w\u0142oskiego - Renaissance Szczecin\" ><\/div><div class=\"thumbnail-overlay\"><div class=\"rbsTitle \">Falafel z sa\u0142atk\u0105 z kopru w\u0142oskiego<\/div><div class=\"rbsIcons\"><i class=\"fa fa-plus rbsZoomIcon \" ><\/i><\/div><\/div><\/div><\/div><div class=\"rbs-img  category14874 \" ><div class=\"rbs-img-image   rbs-lightbox \" ><div class=\"rbs-img-thumbs\"  data-thumbnail=\"https:\/\/renaissance.szczecin.pl\/wp-content\/uploads\/2023\/02\/Filet-z-Barramundi-z-kawiorem-300x300.jpg\"  title=\"Filet z Barramundi z kawiorem\"  data-width=\"300\"  data-height=\"300\" ><\/div><div class=\"rbs-img-data-popup\"  data-popup=\"https:\/\/renaissance.szczecin.pl\/wp-content\/uploads\/2023\/02\/Filet-z-Barramundi-z-kawiorem.jpg\"  title=\"Filet z Barramundi z kawiorem\"  data-alt=\"Filet z Barramundi z kawiorem - Renaissance Szczecin\" ><\/div><div class=\"thumbnail-overlay\"><div class=\"rbsTitle \">Filet z Barramundi z kawiorem<\/div><div class=\"rbsIcons\"><i class=\"fa fa-plus rbsZoomIcon \" ><\/i><\/div><\/div><\/div><\/div><div class=\"rbs-img  category14874 \" ><div class=\"rbs-img-image   rbs-lightbox \" ><div class=\"rbs-img-thumbs\"  data-thumbnail=\"https:\/\/renaissance.szczecin.pl\/wp-content\/uploads\/2023\/02\/Frykando-cielece-z-puree-orzechowym-600x800.jpg\"  title=\"Frykando ciel\u0119ce z pur\u00e9e orzechowym\"  data-width=\"600\"  data-height=\"800\" ><\/div><div class=\"rbs-img-data-popup\"  data-popup=\"https:\/\/renaissance.szczecin.pl\/wp-content\/uploads\/2023\/02\/Frykando-cielece-z-puree-orzechowym.jpg\"  title=\"Frykando ciel\u0119ce z pur\u00e9e orzechowym\"  data-alt=\"Frykando ciel\u0119ce z pur\u00e9e orzechowym - Renaissance Szczecin\" ><\/div><div class=\"thumbnail-overlay\"><div class=\"rbsTitle \">Frykando ciel\u0119ce z pur\u00e9e orzechowym<\/div><div class=\"rbsIcons\"><i class=\"fa fa-plus rbsZoomIcon \" ><\/i><\/div><\/div><\/div><\/div><div class=\"rbs-img  category14874 \" ><div class=\"rbs-img-image   rbs-lightbox \" ><div class=\"rbs-img-thumbs\"  data-thumbnail=\"https:\/\/renaissance.szczecin.pl\/wp-content\/uploads\/2023\/02\/Krem-z-awokado-z-kozim-serem-600x800.jpg\"  title=\"Krem z awokado z kozim serem\"  data-width=\"600\"  data-height=\"800\" ><\/div><div class=\"rbs-img-data-popup\"  data-popup=\"https:\/\/renaissance.szczecin.pl\/wp-content\/uploads\/2023\/02\/Krem-z-awokado-z-kozim-serem.jpg\"  title=\"Krem z awokado z kozim serem\"  data-alt=\"Krem z awokado z kozim serem - Renaissance Szczecin\" ><\/div><div class=\"thumbnail-overlay\"><div class=\"rbsTitle \">Krem z awokado z kozim serem<\/div><div class=\"rbsIcons\"><i class=\"fa fa-plus rbsZoomIcon \" ><\/i><\/div><\/div><\/div><\/div><div class=\"rbs-img  category14874 \" ><div class=\"rbs-img-image   rbs-lightbox \" ><div class=\"rbs-img-thumbs\"  data-thumbnail=\"https:\/\/renaissance.szczecin.pl\/wp-content\/uploads\/2023\/02\/Kremowe-Risotto-z-borowikiem-600x800.jpg\"  title=\"Kremowe Risotto z borowikiem\"  data-width=\"600\"  data-height=\"800\" ><\/div><div class=\"rbs-img-data-popup\"  data-popup=\"https:\/\/renaissance.szczecin.pl\/wp-content\/uploads\/2023\/02\/Kremowe-Risotto-z-borowikiem.jpg\"  title=\"Kremowe Risotto z borowikiem\"  data-alt=\"Kremowe Risotto z borowikiem - Renaissance Szczecin\" ><\/div><div class=\"thumbnail-overlay\"><div class=\"rbsTitle \">Kremowe Risotto z borowikiem<\/div><div class=\"rbsIcons\"><i class=\"fa fa-plus rbsZoomIcon \" ><\/i><\/div><\/div><\/div><\/div><div class=\"rbs-img  category14874 \" ><div class=\"rbs-img-image   rbs-lightbox \" ><div class=\"rbs-img-thumbs\"  data-thumbnail=\"https:\/\/renaissance.szczecin.pl\/wp-content\/uploads\/2023\/02\/Lody-Waniliowe-600x800.jpg\"  title=\"Lody Waniliowe\"  data-width=\"600\"  data-height=\"800\" ><\/div><div class=\"rbs-img-data-popup\"  data-popup=\"https:\/\/renaissance.szczecin.pl\/wp-content\/uploads\/2023\/02\/Lody-Waniliowe.jpg\"  title=\"Lody Waniliowe\"  data-alt=\"Lody Waniliowe - Renaissance Szczecin\" ><\/div><div class=\"thumbnail-overlay\"><div class=\"rbsTitle \">Lody Waniliowe<\/div><div class=\"rbsIcons\"><i class=\"fa fa-plus rbsZoomIcon \" ><\/i><\/div><\/div><\/div><\/div><div class=\"rbs-img  category14874 \" ><div class=\"rbs-img-image   rbs-lightbox \" ><div class=\"rbs-img-thumbs\"  data-thumbnail=\"https:\/\/renaissance.szczecin.pl\/wp-content\/uploads\/2023\/02\/Ramen-z-pak-choi-i-tofu-300x300.jpg\"  title=\"Ramen z pak choi i tofu\"  data-width=\"300\"  data-height=\"300\" ><\/div><div class=\"rbs-img-data-popup\"  data-popup=\"https:\/\/renaissance.szczecin.pl\/wp-content\/uploads\/2023\/02\/Ramen-z-pak-choi-i-tofu.jpg\"  title=\"Ramen z pak choi i tofu\"  data-alt=\"Ramen z pak choi i tofu - Renaissance Szczecin\" ><\/div><div class=\"thumbnail-overlay\"><div class=\"rbsTitle \">Ramen z pak choi i tofu<\/div><div class=\"rbsIcons\"><i class=\"fa fa-plus rbsZoomIcon \" ><\/i><\/div><\/div><\/div><\/div><div class=\"rbs-img  category14874 \" ><div class=\"rbs-img-image   rbs-lightbox \" ><div class=\"rbs-img-thumbs\"  data-thumbnail=\"https:\/\/renaissance.szczecin.pl\/wp-content\/uploads\/2023\/02\/Salatka-z-krewetka-600x1024.jpg\"  title=\"Sa\u0142atka z krewetk\u0105\"  data-width=\"600\"  data-height=\"1024\" ><\/div><div class=\"rbs-img-data-popup\"  data-popup=\"https:\/\/renaissance.szczecin.pl\/wp-content\/uploads\/2023\/02\/Salatka-z-krewetka.jpg\"  title=\"Sa\u0142atka z krewetk\u0105\"  data-alt=\"Sa\u0142atka z krewetk\u0105 - Renaissance Szczecin\" ><\/div><div class=\"thumbnail-overlay\"><div class=\"rbsTitle \">Sa\u0142atka z krewetk\u0105<\/div><div class=\"rbsIcons\"><i class=\"fa fa-plus rbsZoomIcon \" ><\/i><\/div><\/div><\/div><\/div><div class=\"rbs-img  category14874 \" ><div class=\"rbs-img-image   rbs-lightbox \" ><div class=\"rbs-img-thumbs\"  data-thumbnail=\"https:\/\/renaissance.szczecin.pl\/wp-content\/uploads\/2023\/02\/Siekana-poledwica-wolowa-600x800.jpg\"  title=\"Siekana pol\u0119dwica wo\u0142owa\"  data-width=\"600\"  data-height=\"800\" ><\/div><div class=\"rbs-img-data-popup\"  data-popup=\"https:\/\/renaissance.szczecin.pl\/wp-content\/uploads\/2023\/02\/Siekana-poledwica-wolowa.jpg\"  title=\"Siekana pol\u0119dwica wo\u0142owa\"  data-alt=\"Siekana pol\u0119dwica wo\u0142owa - Renaissance Szczecin\" ><\/div><div class=\"thumbnail-overlay\"><div class=\"rbsTitle \">Siekana pol\u0119dwica wo\u0142owa<\/div><div class=\"rbsIcons\"><i class=\"fa fa-plus rbsZoomIcon \" ><\/i><\/div><\/div><\/div><\/div><div class=\"rbs-img  category14874 \" ><div class=\"rbs-img-image   rbs-lightbox \" ><div class=\"rbs-img-thumbs\"  data-thumbnail=\"https:\/\/renaissance.szczecin.pl\/wp-content\/uploads\/2023\/02\/Siekana-poledwica-z-tunczyka-z-kaparami-600x800.jpg\"  title=\"Siekana pol\u0119dwica z tu\u0144czyka z kaparami\"  data-width=\"600\"  data-height=\"800\" ><\/div><div class=\"rbs-img-data-popup\"  data-popup=\"https:\/\/renaissance.szczecin.pl\/wp-content\/uploads\/2023\/02\/Siekana-poledwica-z-tunczyka-z-kaparami.jpg\"  title=\"Siekana pol\u0119dwica z tu\u0144czyka z kaparami\"  data-alt=\"Siekana pol\u0119dwica z tu\u0144czyka z kaparami - Renaissance Szczecin\" ><\/div><div class=\"thumbnail-overlay\"><div class=\"rbsTitle \">Siekana pol\u0119dwica z tu\u0144czyka z kaparami<\/div><div class=\"rbsIcons\"><i class=\"fa fa-plus rbsZoomIcon \" ><\/i><\/div><\/div><\/div><\/div><div class=\"rbs-img  category14874 \" ><div class=\"rbs-img-image   rbs-lightbox \" ><div class=\"rbs-img-thumbs\"  data-thumbnail=\"https:\/\/renaissance.szczecin.pl\/wp-content\/uploads\/2023\/02\/Stek-Tomahawk-225x300.jpg\"  title=\"Stek Tomahawk\"  data-width=\"225\"  data-height=\"300\" ><\/div><div class=\"rbs-img-data-popup\"  data-popup=\"https:\/\/renaissance.szczecin.pl\/wp-content\/uploads\/2023\/02\/Stek-Tomahawk.jpg\"  title=\"Stek Tomahawk\"  data-alt=\"Stek Tomahawk - Renaissance Szczecin\" ><\/div><div class=\"thumbnail-overlay\"><div class=\"rbsTitle \">Stek Tomahawk<\/div><div class=\"rbsIcons\"><i class=\"fa fa-plus rbsZoomIcon \" ><\/i><\/div><\/div><\/div><\/div><div class=\"rbs-img  category14874 \" ><div class=\"rbs-img-image   rbs-lightbox \" ><div class=\"rbs-img-thumbs\"  data-thumbnail=\"https:\/\/renaissance.szczecin.pl\/wp-content\/uploads\/2023\/02\/Tatary-Renaissance-600x1024.jpg\"  title=\"Tatary Renaissance\"  data-width=\"600\"  data-height=\"1024\" ><\/div><div class=\"rbs-img-data-popup\"  data-popup=\"https:\/\/renaissance.szczecin.pl\/wp-content\/uploads\/2023\/02\/Tatary-Renaissance.jpg\"  title=\"Tatary Renaissance\"  data-alt=\"Tatary Renaissance - Renaissance Szczecin\" ><\/div><div class=\"thumbnail-overlay\"><div class=\"rbsTitle \">Tatary Renaissance<\/div><div class=\"rbsIcons\"><i class=\"fa fa-plus rbsZoomIcon \" ><\/i><\/div><\/div><\/div><\/div><div class=\"rbs-img  category14874 \" ><div class=\"rbs-img-image   rbs-lightbox \" ><div class=\"rbs-img-thumbs\"  data-thumbnail=\"https:\/\/renaissance.szczecin.pl\/wp-content\/uploads\/2023\/02\/Consomme-z-krolika-z-pierozkami-600x800.jpg\"  title=\"Consomm\u00e8 z kr\u00f3lika z piero\u017ckami\"  data-width=\"600\"  data-height=\"800\" ><\/div><div class=\"rbs-img-data-popup\"  data-popup=\"https:\/\/renaissance.szczecin.pl\/wp-content\/uploads\/2023\/02\/Consomme-z-krolika-z-pierozkami.jpg\"  title=\"Consomm\u00e8 z kr\u00f3lika z piero\u017ckami\"  data-alt=\"Consomm\u00e8 z kr\u00f3lika z piero\u017ckami - Renaissance Szczecin\" ><\/div><div class=\"thumbnail-overlay\"><div class=\"rbsTitle \">Consomm\u00e8 z kr\u00f3lika z piero\u017ckami<\/div><div class=\"rbsIcons\"><i class=\"fa fa-plus rbsZoomIcon \" ><\/i><\/div><\/div><\/div><\/div><div class=\"rbs-img  category14874 \" ><div class=\"rbs-img-image   rbs-lightbox \" ><div class=\"rbs-img-thumbs\"  data-thumbnail=\"https:\/\/renaissance.szczecin.pl\/wp-content\/uploads\/2023\/02\/Fondant-czekoladowy-600x800.jpg\"  title=\"Fondant czekoladowy\"  data-width=\"600\"  data-height=\"800\" ><\/div><div class=\"rbs-img-data-popup\"  data-popup=\"https:\/\/renaissance.szczecin.pl\/wp-content\/uploads\/2023\/02\/Fondant-czekoladowy.jpg\"  title=\"Fondant czekoladowy\"  data-alt=\"Fondant czekoladowy - Renaissance Szczecin\" ><\/div><div class=\"thumbnail-overlay\"><div class=\"rbsTitle \">Fondant czekoladowy<\/div><div class=\"rbsIcons\"><i class=\"fa fa-plus rbsZoomIcon \" ><\/i><\/div><\/div><\/div><\/div><div class=\"rbs-img  category14874 \" ><div class=\"rbs-img-image   rbs-lightbox \" ><div class=\"rbs-img-thumbs\"  data-thumbnail=\"https:\/\/renaissance.szczecin.pl\/wp-content\/uploads\/2023\/02\/Halibut-z-sosem-homarowym-600x800.jpg\"  title=\"Halibut z sosem homarowym\"  data-width=\"600\"  data-height=\"800\" ><\/div><div class=\"rbs-img-data-popup\"  data-popup=\"https:\/\/renaissance.szczecin.pl\/wp-content\/uploads\/2023\/02\/Halibut-z-sosem-homarowym.jpg\"  title=\"Halibut z sosem homarowym\"  data-alt=\"Halibut z sosem homarowym - Renaissance Szczecin\" ><\/div><div class=\"thumbnail-overlay\"><div class=\"rbsTitle \">Halibut z sosem homarowym<\/div><div class=\"rbsIcons\"><i class=\"fa fa-plus rbsZoomIcon \" ><\/i><\/div><\/div><\/div><\/div><div class=\"rbs-img  category14874 \" ><div class=\"rbs-img-image   rbs-lightbox \" ><div class=\"rbs-img-thumbs\"  data-thumbnail=\"https:\/\/renaissance.szczecin.pl\/wp-content\/uploads\/2023\/02\/Piers-z-kaczki-flambirowana-600x800.jpg\"  title=\"Pier\u015b z kaczki flambirowana\"  data-width=\"600\"  data-height=\"800\" ><\/div><div class=\"rbs-img-data-popup\"  data-popup=\"https:\/\/renaissance.szczecin.pl\/wp-content\/uploads\/2023\/02\/Piers-z-kaczki-flambirowana.jpg\"  title=\"Pier\u015b z kaczki flambirowana\"  data-alt=\"Pier\u015b z kaczki flambirowana - Renaissance Szczecin\" ><\/div><div class=\"thumbnail-overlay\"><div class=\"rbsTitle \">Pier\u015b z kaczki flambirowana<\/div><div class=\"rbsIcons\"><i class=\"fa fa-plus rbsZoomIcon \" ><\/i><\/div><\/div><\/div><\/div><div class=\"rbs-img  category14874 \" ><div class=\"rbs-img-image   rbs-lightbox \" ><div class=\"rbs-img-thumbs\"  data-thumbnail=\"https:\/\/renaissance.szczecin.pl\/wp-content\/uploads\/2023\/02\/Salatka-di-bufalla-z-prosciutto-i-kasztanami-300x300.jpg\"  title=\"Sa\u0142atka di bufalla z prosciutto i kasztanami\"  data-width=\"300\"  data-height=\"300\" ><\/div><div class=\"rbs-img-data-popup\"  data-popup=\"https:\/\/renaissance.szczecin.pl\/wp-content\/uploads\/2023\/02\/Salatka-di-bufalla-z-prosciutto-i-kasztanami.jpg\"  title=\"Sa\u0142atka di bufalla z prosciutto i kasztanami\"  data-alt=\"Sa\u0142atka di bufalla z prosciutto i kasztanami - Renaissance Szczecin\" ><\/div><div class=\"thumbnail-overlay\"><div class=\"rbsTitle \">Sa\u0142atka di bufalla z prosciutto i kasztanami<\/div><div class=\"rbsIcons\"><i class=\"fa fa-plus rbsZoomIcon \" ><\/i><\/div><\/div><\/div><\/div><div class=\"rbs-img  category14874 \" ><div class=\"rbs-img-image   rbs-lightbox \" ><div class=\"rbs-img-thumbs\"  data-thumbnail=\"https:\/\/renaissance.szczecin.pl\/wp-content\/uploads\/2023\/02\/Stek-z-poledwicy-wolowej-600x800.jpg\"  title=\"Stek z pol\u0119dwicy wo\u0142owej\"  data-width=\"600\"  data-height=\"800\" ><\/div><div class=\"rbs-img-data-popup\"  data-popup=\"https:\/\/renaissance.szczecin.pl\/wp-content\/uploads\/2023\/02\/Stek-z-poledwicy-wolowej.jpg\"  title=\"Stek z pol\u0119dwicy wo\u0142owej\"  data-alt=\"Stek z pol\u0119dwicy wo\u0142owej - Renaissance Szczecin\" ><\/div><div class=\"thumbnail-overlay\"><div class=\"rbsTitle \">Stek z pol\u0119dwicy wo\u0142owej<\/div><div class=\"rbsIcons\"><i class=\"fa fa-plus rbsZoomIcon \" ><\/i><\/div><\/div><\/div><\/div><div class=\"rbs-img  category14874 \" ><div class=\"rbs-img-image   rbs-lightbox \" ><div class=\"rbs-img-thumbs\"  data-thumbnail=\"https:\/\/renaissance.szczecin.pl\/wp-content\/uploads\/2023\/02\/Tagliatelle-z-guanciale-600x800.jpg\"  title=\"Tagliatelle z guanciale\"  data-width=\"600\"  data-height=\"800\" ><\/div><div class=\"rbs-img-data-popup\"  data-popup=\"https:\/\/renaissance.szczecin.pl\/wp-content\/uploads\/2023\/02\/Tagliatelle-z-guanciale.jpg\"  title=\"Tagliatelle z guanciale\"  data-alt=\"Tagliatelle z guanciale - Renaissance Szczecin\" ><\/div><div class=\"thumbnail-overlay\"><div class=\"rbsTitle \">Tagliatelle z guanciale<\/div><div class=\"rbsIcons\"><i class=\"fa fa-plus rbsZoomIcon \" ><\/i><\/div><\/div><\/div><\/div><div class=\"rbs-img  category14874 \" ><div class=\"rbs-img-image   rbs-lightbox \" ><div class=\"rbs-img-thumbs\"  data-thumbnail=\"https:\/\/renaissance.szczecin.pl\/wp-content\/uploads\/2023\/02\/Tatar-z-orzechow-nerkowca-z-pylkiem-kwiatowym-600x800.jpg\"  title=\"Tatar z orzech\u00f3w nerkowca z py\u0142kiem kwiatowym\"  data-width=\"600\"  data-height=\"800\" ><\/div><div class=\"rbs-img-data-popup\"  data-popup=\"https:\/\/renaissance.szczecin.pl\/wp-content\/uploads\/2023\/02\/Tatar-z-orzechow-nerkowca-z-pylkiem-kwiatowym.jpg\"  title=\"Tatar z orzech\u00f3w nerkowca z py\u0142kiem kwiatowym\"  data-alt=\"Tatar z orzech\u00f3w nerkowca z py\u0142kiem kwiatowym - Renaissance Szczecin\" ><\/div><div class=\"thumbnail-overlay\"><div class=\"rbsTitle \">Tatar z orzech\u00f3w nerkowca z py\u0142kiem kwiatowym<\/div><div class=\"rbsIcons\"><i class=\"fa fa-plus rbsZoomIcon \" ><\/i><\/div><\/div><\/div><\/div><\/div><\/div><\/div><script>var rbs_gallery_6a081558a1bf2 = {\"version\":\"5.1.4\",\"id\":14874,\"class\":\"id14874\",\"roboGalleryDelay\":1000,\"mainContainer\":\"#robo_gallery_main_block_rbs_gallery_6a081558a1bf2\",\"loadingContainer\":\"#rbs_gallery_6a081558a1bf2-block-loader\",\"loadingContainerObj\":\"rbs_gallery_6a081558a1bf2-block-loader\",\"columnWidth\":\"auto\",\"columns\":3,\"resolutions\":[{\"columnWidth\":\"auto\",\"columns\":3,\"maxWidth\":960},{\"columnWidth\":\"auto\",\"columns\":2,\"maxWidth\":650},{\"columnWidth\":\"auto\",\"columns\":1,\"maxWidth\":450}],\"lightboxOptions\":{\"gallery\":{\"enabled\":true,\"tCounter\":\"%curr% of %total%\"}},\"overlayEffect\":\"direction-aware-fade\",\"boxesToLoadStart\":12,\"boxesToLoad\":8,\"waitUntilThumbLoads\":1,\"LoadingWord\":\"Loading...\",\"loadMoreWord\":\"Load More\",\"noMoreEntriesWord\":\"No More Entries\",\"horizontalSpaceBetweenBoxes\":15,\"verticalSpaceBetweenBoxes\":15,\"lazyLoad\":1,\"wrapContainer\":\"#robo-gallery-wrap-rbs_gallery_6a081558a1bf2\"};<\/script><\/p><\/div><\/div><\/div>\n","protected":false},"excerpt":{"rendered":"","protected":false},"author":1,"featured_media":0,"parent":0,"menu_order":0,"comment_status":"closed","ping_status":"closed","template":"","meta":{"_monsterinsights_skip_tracking":false,"_monsterinsights_sitenote_active":false,"_monsterinsights_sitenote_note":"","_monsterinsights_sitenote_category":0,"footnotes":""},"class_list":["post-15513","page","type-page","status-publish","hentry"],"yoast_head":"<!-- This site is optimized with the Yoast SEO plugin v27.3 - https:\/\/yoast.com\/product\/yoast-seo-wordpress\/ -->\n<title>Galerie &#8211; Restauracja Renaissance Szczecin<\/title>\n<meta name=\"description\" content=\"Fotogalerie des Renaissance-Restaurants.\" \/>\n<meta name=\"robots\" content=\"index, follow, max-snippet:-1, max-image-preview:large, max-video-preview:-1\" \/>\n<link rel=\"canonical\" href=\"https:\/\/renaissance.szczecin.pl\/de\/galerie\/\" \/>\n<meta property=\"og:locale\" content=\"de_DE\" \/>\n<meta property=\"og:type\" content=\"article\" \/>\n<meta property=\"og:title\" content=\"Galerie &#8211; Restauracja Renaissance Szczecin\" \/>\n<meta property=\"og:description\" content=\"Fotogalerie des Renaissance-Restaurants.\" \/>\n<meta property=\"og:url\" content=\"https:\/\/renaissance.szczecin.pl\/de\/galerie\/\" \/>\n<meta property=\"og:site_name\" content=\"Restauracja Renaissance Szczecin\" \/>\n<meta name=\"twitter:card\" content=\"summary_large_image\" \/>\n<script type=\"application\/ld+json\" class=\"yoast-schema-graph\">{\"@context\":\"https:\\\/\\\/schema.org\",\"@graph\":[{\"@type\":\"WebPage\",\"@id\":\"https:\\\/\\\/renaissance.szczecin.pl\\\/de\\\/galerie\\\/\",\"url\":\"https:\\\/\\\/renaissance.szczecin.pl\\\/de\\\/galerie\\\/\",\"name\":\"Galerie &#8211; Restauracja Renaissance Szczecin\",\"isPartOf\":{\"@id\":\"https:\\\/\\\/renaissance.szczecin.pl\\\/#website\"},\"datePublished\":\"2024-04-15T08:45:09+00:00\",\"description\":\"Fotogalerie des Renaissance-Restaurants.\",\"breadcrumb\":{\"@id\":\"https:\\\/\\\/renaissance.szczecin.pl\\\/de\\\/galerie\\\/#breadcrumb\"},\"inLanguage\":\"de\",\"potentialAction\":[{\"@type\":\"ReadAction\",\"target\":[\"https:\\\/\\\/renaissance.szczecin.pl\\\/de\\\/galerie\\\/\"]}]},{\"@type\":\"BreadcrumbList\",\"@id\":\"https:\\\/\\\/renaissance.szczecin.pl\\\/de\\\/galerie\\\/#breadcrumb\",\"itemListElement\":[{\"@type\":\"ListItem\",\"position\":1,\"name\":\"Strona g\u0142\u00f3wna\",\"item\":\"https:\\\/\\\/renaissance.szczecin.pl\\\/de\\\/\"},{\"@type\":\"ListItem\",\"position\":2,\"name\":\"Galerie\"}]},{\"@type\":\"WebSite\",\"@id\":\"https:\\\/\\\/renaissance.szczecin.pl\\\/#website\",\"url\":\"https:\\\/\\\/renaissance.szczecin.pl\\\/\",\"name\":\"Restauracja Renaissance Szczecin\",\"description\":\"\",\"publisher\":{\"@id\":\"https:\\\/\\\/renaissance.szczecin.pl\\\/#organization\"},\"potentialAction\":[{\"@type\":\"SearchAction\",\"target\":{\"@type\":\"EntryPoint\",\"urlTemplate\":\"https:\\\/\\\/renaissance.szczecin.pl\\\/?s={search_term_string}\"},\"query-input\":{\"@type\":\"PropertyValueSpecification\",\"valueRequired\":true,\"valueName\":\"search_term_string\"}}],\"inLanguage\":\"de\"},{\"@type\":\"Organization\",\"@id\":\"https:\\\/\\\/renaissance.szczecin.pl\\\/#organization\",\"name\":\"Restauracja Renaissance\",\"url\":\"https:\\\/\\\/renaissance.szczecin.pl\\\/\",\"logo\":{\"@type\":\"ImageObject\",\"inLanguage\":\"de\",\"@id\":\"https:\\\/\\\/renaissance.szczecin.pl\\\/#\\\/schema\\\/logo\\\/image\\\/\",\"url\":\"https:\\\/\\\/renaissance.szczecin.pl\\\/wp-content\\\/uploads\\\/2019\\\/05\\\/Logo-Renaissance-main.png\",\"contentUrl\":\"https:\\\/\\\/renaissance.szczecin.pl\\\/wp-content\\\/uploads\\\/2019\\\/05\\\/Logo-Renaissance-main.png\",\"width\":370,\"height\":86,\"caption\":\"Restauracja Renaissance\"},\"image\":{\"@id\":\"https:\\\/\\\/renaissance.szczecin.pl\\\/#\\\/schema\\\/logo\\\/image\\\/\"}}]}<\/script>\n<!-- \/ Yoast SEO plugin. -->","yoast_head_json":{"title":"Galerie &#8211; Restauracja Renaissance Szczecin","description":"Fotogalerie des Renaissance-Restaurants.","robots":{"index":"index","follow":"follow","max-snippet":"max-snippet:-1","max-image-preview":"max-image-preview:large","max-video-preview":"max-video-preview:-1"},"canonical":"https:\/\/renaissance.szczecin.pl\/de\/galerie\/","og_locale":"de_DE","og_type":"article","og_title":"Galerie &#8211; Restauracja Renaissance Szczecin","og_description":"Fotogalerie des Renaissance-Restaurants.","og_url":"https:\/\/renaissance.szczecin.pl\/de\/galerie\/","og_site_name":"Restauracja Renaissance Szczecin","twitter_card":"summary_large_image","schema":{"@context":"https:\/\/schema.org","@graph":[{"@type":"WebPage","@id":"https:\/\/renaissance.szczecin.pl\/de\/galerie\/","url":"https:\/\/renaissance.szczecin.pl\/de\/galerie\/","name":"Galerie &#8211; Restauracja Renaissance Szczecin","isPartOf":{"@id":"https:\/\/renaissance.szczecin.pl\/#website"},"datePublished":"2024-04-15T08:45:09+00:00","description":"Fotogalerie des Renaissance-Restaurants.","breadcrumb":{"@id":"https:\/\/renaissance.szczecin.pl\/de\/galerie\/#breadcrumb"},"inLanguage":"de","potentialAction":[{"@type":"ReadAction","target":["https:\/\/renaissance.szczecin.pl\/de\/galerie\/"]}]},{"@type":"BreadcrumbList","@id":"https:\/\/renaissance.szczecin.pl\/de\/galerie\/#breadcrumb","itemListElement":[{"@type":"ListItem","position":1,"name":"Strona g\u0142\u00f3wna","item":"https:\/\/renaissance.szczecin.pl\/de\/"},{"@type":"ListItem","position":2,"name":"Galerie"}]},{"@type":"WebSite","@id":"https:\/\/renaissance.szczecin.pl\/#website","url":"https:\/\/renaissance.szczecin.pl\/","name":"Restauracja Renaissance Szczecin","description":"","publisher":{"@id":"https:\/\/renaissance.szczecin.pl\/#organization"},"potentialAction":[{"@type":"SearchAction","target":{"@type":"EntryPoint","urlTemplate":"https:\/\/renaissance.szczecin.pl\/?s={search_term_string}"},"query-input":{"@type":"PropertyValueSpecification","valueRequired":true,"valueName":"search_term_string"}}],"inLanguage":"de"},{"@type":"Organization","@id":"https:\/\/renaissance.szczecin.pl\/#organization","name":"Restauracja Renaissance","url":"https:\/\/renaissance.szczecin.pl\/","logo":{"@type":"ImageObject","inLanguage":"de","@id":"https:\/\/renaissance.szczecin.pl\/#\/schema\/logo\/image\/","url":"https:\/\/renaissance.szczecin.pl\/wp-content\/uploads\/2019\/05\/Logo-Renaissance-main.png","contentUrl":"https:\/\/renaissance.szczecin.pl\/wp-content\/uploads\/2019\/05\/Logo-Renaissance-main.png","width":370,"height":86,"caption":"Restauracja Renaissance"},"image":{"@id":"https:\/\/renaissance.szczecin.pl\/#\/schema\/logo\/image\/"}}]}},"_links":{"self":[{"href":"https:\/\/renaissance.szczecin.pl\/de\/wp-json\/wp\/v2\/pages\/15513","targetHints":{"allow":["GET"]}}],"collection":[{"href":"https:\/\/renaissance.szczecin.pl\/de\/wp-json\/wp\/v2\/pages"}],"about":[{"href":"https:\/\/renaissance.szczecin.pl\/de\/wp-json\/wp\/v2\/types\/page"}],"author":[{"embeddable":true,"href":"https:\/\/renaissance.szczecin.pl\/de\/wp-json\/wp\/v2\/users\/1"}],"replies":[{"embeddable":true,"href":"https:\/\/renaissance.szczecin.pl\/de\/wp-json\/wp\/v2\/comments?post=15513"}],"version-history":[{"count":0,"href":"https:\/\/renaissance.szczecin.pl\/de\/wp-json\/wp\/v2\/pages\/15513\/revisions"}],"wp:attachment":[{"href":"https:\/\/renaissance.szczecin.pl\/de\/wp-json\/wp\/v2\/media?parent=15513"}],"curies":[{"name":"wp","href":"https:\/\/api.w.org\/{rel}","templated":true}]}}