{"id":15523,"date":"2024-04-15T10:45:10","date_gmt":"2024-04-15T08:45:10","guid":{"rendered":"https:\/\/renaissance.szczecin.pl\/geschenkgutscheine\/"},"modified":"2024-10-14T09:38:23","modified_gmt":"2024-10-14T07:38:23","slug":"geschenkgutscheine","status":"publish","type":"page","link":"https:\/\/renaissance.szczecin.pl\/de\/geschenkgutscheine\/","title":{"rendered":"Geschenkgutscheine"},"content":{"rendered":"<div class=\"vamtam-blank-space \" style=\"height:30px\"><\/div>\r\n<div class=\"limit-wrapper\"><div class=\"row \"><div class=\"vamtam-grid grid-1-1  vamtam-first-level grid-1-1  first unextended has-extended-padding\" style=\"padding-top:0.05px;padding-bottom:0.05px;\" id=\"vamtam-column-dc7a057f4cf0589b8cb28e623fe37061\" ><div class=\"row \"><div class=\"vamtam-grid grid-3-5  grid-3-5  first unextended no-extended-padding\" style=\"padding-top:0.05px;padding-bottom:0.05px;\" id=\"vamtam-column-3d9014002772789ef4b2664e53704f3d\" ><p>Sie suchen das perfekte Geschenk? Sie wissen nicht, was Sie kaufen sollen?<\/p>\r\n<h5>W\u00e4hlen Sie einen Geschenkgutschein f\u00fcr das Radisson Blu Hotel in Szczecin!<\/h5>\r\n<p>Lassen Sie den Empf\u00e4nger die beste Wahl treffen. Schenken Sie ihr ein elegantes Geschenk, das zu jedem Anlass passt. <div class=\"sep\"><\/div>\r\n<p><!-- \/wp:post-content --><\/p>\r\n<p><!-- wp:quote --><\/p>\r\n<h5>Was ist ein Geschenkgutschein?<\/h5>\r\n<p><!-- \/wp:quote --><\/p>\r\n<p><!-- wp:paragraph --><\/p>\r\n<p>Ein Geschenkgutschein ist eine hervorragende Geschenkidee, die dem Beschenkten die Wahl l\u00e4sst! Sie ist ideal f\u00fcr Feiertage, Geburtstage und Familienfeiern sowie als elegantes Geschenk f\u00fcr Kollegen oder Kunden. <div class=\"sep\"><\/div>\r\n<p><!-- \/wp:paragraph --><\/p>\r\n<p><!-- wp:quote --><\/p>\r\n<h5>Entdecken Sie die Arten unserer Gutscheine:<\/h5>\r\n<p><!-- \/wp:quote --><\/p>\r\n<ul>\r\n<li><!-- wp:paragraph -->einen Gutschein f\u00fcr gastronomische Dienstleistungen im Wert von 200 PLN oder 300 PLN, der zur Inanspruchnahme von Dienstleistungen in den vom Hotel betriebenen Einrichtungen berechtigt: Renaissance Restaurant, Europa Restaurant &amp; Caf\u00e9, Copernicus Club, Lobby Bar, Cukiernia Muffinek<\/li>\r\n<li>ein Gutschein f\u00fcr Beherbergungsleistungen im Wert von 300 PLN, 500 PLN, 700 PLN &#8211; ein Gutschein, der zur Inanspruchnahme der Beherbergungsleistungen des Hotels und anderer mit den Beherbergungsleistungen des Hotels zusammenh\u00e4ngender Leistungen in den folgenden Einrichtungen berechtigt: Renaissance Restaurant, Europa Restaurant &amp; Caf\u00e8, Copernicus Club, Lobby Bar, Muffin-Konditorei, Caf\u00e9 22 und Baltica Wellness &amp; Spa sowie W\u00e4scherei.<\/li>\r\n<\/ul>\r\n<div class=\"sep\"><\/div>\r\n<h5>Wo kann man einen Gutschein kaufen?<\/h5>\r\n<p>Der Aufenthaltsgutschein kann an der Hotelrezeption im Erdgeschoss des Hotels erworben werden oder per E-Mail bestellt werden unter: reservations.szczecin@radissonblu.com. Gutschein f\u00fcr Verpflegungsleistungen direkt im Renaissance Restaurant, Europa Restaurant &amp; Caf\u00e9, in der Muffin-Konditorei im Erdgeschoss des Hotels oder durch eine Bestellung per E-Mail an: konferencje.szczecin@radissonblu.com. Wenn eine Bestellung per E-Mail aufgegeben wird, werden alle notwendigen Informationen bez\u00fcglich der Zahlung und der Form der Ausstellung der Geschenkgutscheine per E-Mail mitgeteilt. Die Bestellung eines Geschenkgutscheins, der per Bank\u00fcberweisung bezahlt werden soll, erfolgt ausschlie\u00dflich per E-Mail unter Angabe der Bestellung. <div class=\"sep\"><\/div> Lesen Sie die allgemeinen Gesch\u00e4ftsbedingungen f\u00fcr den Verkauf von Geschenkgutscheinen: <a href=\"https:\/\/renaissance.szczecin.pl\/wp-content\/uploads\/2022\/08\/WARUNKI-SPRZEDAZY-I-REALIZACJI-BONOW-PODARUNKOWYCH-RADISSON.pdf\" target=\"_blank\" style='font-size: 24px;' class=\"vamtam-button accent3  button-border hover-accent1 \"><span class='icon shortcode  ' style='font-size:32px !important;'>&#58228;<\/span><span class=\"btext\" data-text=\"\" ><\/span><\/a><\/div>\r\n<div class=\"vamtam-grid grid-2-5  grid-2-5  unextended no-extended-padding\" style=\"padding-top:0.05px;padding-bottom:0.05px;\" id=\"vamtam-column-4e469d3ac16dcdb9393c8116f462e797\" >\t\t<div class=\"sep-text single centered\">\n\t\t\t\t\t\t\t<div class=\"sep-text-before\"><div class=\"sep-text-line\"><\/div><\/div>\n\t\t\t\t\t\t<div class=\"content\">\n\t\t\t\t<h2 class=\"text-divider-double\">Reservieren Sie einen Tisch!<\/h2>\t\t\t<\/div>\n\t\t\t<div class=\"sep-text-after\"><div class=\"sep-text-line\"><\/div><\/div>\n\t\t\t\t\t<\/div>\n\t<p>\n<div class=\"wpcf7 no-js\" id=\"wpcf7-f15580-o1\" lang=\"pl-PL\" dir=\"ltr\" data-wpcf7-id=\"15580\">\n<div class=\"screen-reader-response\"><p role=\"status\" aria-live=\"polite\" aria-atomic=\"true\"><\/p> <ul><\/ul><\/div>\n<form action=\"\/de\/wp-json\/wp\/v2\/pages\/15523#wpcf7-f15580-o1\" method=\"post\" class=\"wpcf7-form init\" aria-label=\"Formularz kontaktowy\" novalidate=\"novalidate\" data-status=\"init\">\n<fieldset class=\"hidden-fields-container\"><input type=\"hidden\" name=\"_wpcf7\" value=\"15580\" \/><input type=\"hidden\" name=\"_wpcf7_version\" value=\"6.1.5\" \/><input type=\"hidden\" name=\"_wpcf7_locale\" value=\"pl_PL\" \/><input type=\"hidden\" name=\"_wpcf7_unit_tag\" value=\"wpcf7-f15580-o1\" \/><input type=\"hidden\" name=\"_wpcf7_container_post\" value=\"0\" \/><input type=\"hidden\" name=\"_wpcf7_posted_data_hash\" value=\"\" \/><input type=\"hidden\" name=\"_wpcf7_recaptcha_response\" value=\"\" \/>\n<\/fieldset>\n<p><label> Name<br \/>\n<span class=\"wpcf7-form-control-wrap\" data-name=\"your-name\"><input size=\"40\" maxlength=\"400\" class=\"wpcf7-form-control wpcf7-text wpcf7-validates-as-required\" autocomplete=\"name\" aria-required=\"true\" aria-invalid=\"false\" value=\"\" type=\"text\" name=\"your-name\" \/><\/span> <\/label>\n<\/p>\n<p><label> E-mail<br \/>\n<span class=\"wpcf7-form-control-wrap\" data-name=\"your-email\"><input size=\"40\" maxlength=\"400\" class=\"wpcf7-form-control wpcf7-email wpcf7-validates-as-required wpcf7-text wpcf7-validates-as-email\" autocomplete=\"email\" aria-required=\"true\" aria-invalid=\"false\" value=\"\" type=\"email\" name=\"your-email\" \/><\/span> <\/label>\n<\/p>\n<p><label> Telefon<br \/>\n<span class=\"wpcf7-form-control-wrap\" data-name=\"tel-230\"><input size=\"40\" maxlength=\"400\" class=\"wpcf7-form-control wpcf7-tel wpcf7-validates-as-required wpcf7-text wpcf7-validates-as-tel\" aria-required=\"true\" aria-invalid=\"false\" value=\"\" type=\"tel\" name=\"tel-230\" \/><\/span> <\/label>\n<\/p>\n<p><label> Reservieren Sie!<br \/>\n<span class=\"wpcf7-form-control-wrap\" data-name=\"your-message\"><textarea cols=\"40\" rows=\"10\" maxlength=\"2000\" class=\"wpcf7-form-control wpcf7-textarea wpcf7-validates-as-required\" aria-required=\"true\" aria-invalid=\"false\" name=\"your-message\">Bitte geben Sie das Datum, die Uhrzeit der Buchung und die Anzahl der Personen ein.<\/textarea><\/span> <\/label>\n<\/p>\n<p><input class=\"wpcf7-form-control wpcf7-submit has-spinner\" type=\"submit\" value=\"Senden\" \/>\n<\/p><div class=\"wpcf7-response-output\" aria-hidden=\"true\"><\/div>\n<\/form>\n<\/div>\n<\/p><\/div><\/div><\/div><\/div><\/div>\r\n<div class=\"vamtam-blank-space \" style=\"height:30px\"><\/div>\r\n<div class=\"limit-wrapper\"><div class=\"row \"><div class=\"vamtam-grid grid-1-1  vamtam-first-level grid-1-1  first unextended has-extended-padding\" style=\"padding-top:0.05px;padding-bottom:0.05px;\" id=\"vamtam-column-e33cbc66da54fe6ff6b4beffb1044b27\" ><div class=\"row \"><div class=\"vamtam-grid grid-3-5  grid-3-5  first unextended has-extended-padding\" style=\"padding-top:0.05px;padding-bottom:0.05px;\" id=\"vamtam-column-50302fff2c7a36ce5c2031d0f14398ff\" ><\/div><\/div><\/div><\/div><\/div>\r\n<div class=\"limit-wrapper\"><div class=\"row \"><div class=\"vamtam-grid grid-1-1  vamtam-first-level grid-1-1  first unextended has-extended-padding\" style=\"padding-top:0.05px;padding-bottom:0.05px;\" id=\"vamtam-column-14ac31e32c0b4dfbbb27cbdf9a86ac43\" ><\/div><\/div><\/div>","protected":false},"excerpt":{"rendered":"<p>Sie suchen das perfekte Geschenk? Sie wissen nicht, was Sie kaufen sollen? W\u00e4hlen Sie einen Geschenkgutschein f\u00fcr das Radisson Blu Hotel in Szczecin! Lassen Sie den Empf\u00e4nger die beste Wahl treffen. Schenken Sie ihr ein elegantes Geschenk, das zu jedem&#8230;<\/p>\n","protected":false},"author":1,"featured_media":0,"parent":0,"menu_order":0,"comment_status":"closed","ping_status":"open","template":"","meta":{"_monsterinsights_skip_tracking":false,"_monsterinsights_sitenote_active":false,"_monsterinsights_sitenote_note":"","_monsterinsights_sitenote_category":0,"footnotes":""},"class_list":["post-15523","page","type-page","status-publish","hentry"],"yoast_head":"<!-- This site is optimized with the Yoast SEO plugin v27.3 - https:\/\/yoast.com\/product\/yoast-seo-wordpress\/ -->\n<title>Geschenkgutscheine &#8211; Restauracja Renaissance Szczecin<\/title>\n<meta name=\"description\" content=\"Sie suchen das perfekte Geschenk? Entscheiden Sie sich f\u00fcr einen Geschenkgutschein des Radisson Blu Hotels in Szczecin!\" \/>\n<meta name=\"robots\" content=\"index, follow, max-snippet:-1, max-image-preview:large, max-video-preview:-1\" \/>\n<link rel=\"canonical\" href=\"https:\/\/renaissance.szczecin.pl\/de\/geschenkgutscheine\/\" \/>\n<meta property=\"og:locale\" content=\"de_DE\" \/>\n<meta property=\"og:type\" content=\"article\" \/>\n<meta property=\"og:title\" content=\"Geschenkgutscheine &#8211; Restauracja Renaissance Szczecin\" \/>\n<meta property=\"og:description\" content=\"Sie suchen das perfekte Geschenk? Entscheiden Sie sich f\u00fcr einen Geschenkgutschein des Radisson Blu Hotels in Szczecin!\" \/>\n<meta property=\"og:url\" content=\"https:\/\/renaissance.szczecin.pl\/de\/geschenkgutscheine\/\" \/>\n<meta property=\"og:site_name\" content=\"Restauracja Renaissance Szczecin\" \/>\n<meta property=\"article:modified_time\" content=\"2024-10-14T07:38:23+00:00\" \/>\n<meta name=\"twitter:card\" content=\"summary_large_image\" \/>\n<meta name=\"twitter:label1\" content=\"Gesch\u00e4tzte Lesezeit\" \/>\n\t<meta name=\"twitter:data1\" content=\"3\u00a0Minuten\" \/>\n<script type=\"application\/ld+json\" class=\"yoast-schema-graph\">{\"@context\":\"https:\\\/\\\/schema.org\",\"@graph\":[{\"@type\":\"WebPage\",\"@id\":\"https:\\\/\\\/renaissance.szczecin.pl\\\/de\\\/geschenkgutscheine\\\/\",\"url\":\"https:\\\/\\\/renaissance.szczecin.pl\\\/de\\\/geschenkgutscheine\\\/\",\"name\":\"Geschenkgutscheine &#8211; Restauracja Renaissance Szczecin\",\"isPartOf\":{\"@id\":\"https:\\\/\\\/renaissance.szczecin.pl\\\/#website\"},\"datePublished\":\"2024-04-15T08:45:10+00:00\",\"dateModified\":\"2024-10-14T07:38:23+00:00\",\"description\":\"Sie suchen das perfekte Geschenk? Entscheiden Sie sich f\u00fcr einen Geschenkgutschein des Radisson Blu Hotels in Szczecin!\",\"breadcrumb\":{\"@id\":\"https:\\\/\\\/renaissance.szczecin.pl\\\/de\\\/geschenkgutscheine\\\/#breadcrumb\"},\"inLanguage\":\"de\",\"potentialAction\":[{\"@type\":\"ReadAction\",\"target\":[\"https:\\\/\\\/renaissance.szczecin.pl\\\/de\\\/geschenkgutscheine\\\/\"]}]},{\"@type\":\"BreadcrumbList\",\"@id\":\"https:\\\/\\\/renaissance.szczecin.pl\\\/de\\\/geschenkgutscheine\\\/#breadcrumb\",\"itemListElement\":[{\"@type\":\"ListItem\",\"position\":1,\"name\":\"Strona g\u0142\u00f3wna\",\"item\":\"https:\\\/\\\/renaissance.szczecin.pl\\\/de\\\/\"},{\"@type\":\"ListItem\",\"position\":2,\"name\":\"Geschenkgutscheine\"}]},{\"@type\":\"WebSite\",\"@id\":\"https:\\\/\\\/renaissance.szczecin.pl\\\/#website\",\"url\":\"https:\\\/\\\/renaissance.szczecin.pl\\\/\",\"name\":\"Restauracja Renaissance Szczecin\",\"description\":\"\",\"publisher\":{\"@id\":\"https:\\\/\\\/renaissance.szczecin.pl\\\/#organization\"},\"potentialAction\":[{\"@type\":\"SearchAction\",\"target\":{\"@type\":\"EntryPoint\",\"urlTemplate\":\"https:\\\/\\\/renaissance.szczecin.pl\\\/?s={search_term_string}\"},\"query-input\":{\"@type\":\"PropertyValueSpecification\",\"valueRequired\":true,\"valueName\":\"search_term_string\"}}],\"inLanguage\":\"de\"},{\"@type\":\"Organization\",\"@id\":\"https:\\\/\\\/renaissance.szczecin.pl\\\/#organization\",\"name\":\"Restauracja Renaissance\",\"url\":\"https:\\\/\\\/renaissance.szczecin.pl\\\/\",\"logo\":{\"@type\":\"ImageObject\",\"inLanguage\":\"de\",\"@id\":\"https:\\\/\\\/renaissance.szczecin.pl\\\/#\\\/schema\\\/logo\\\/image\\\/\",\"url\":\"https:\\\/\\\/renaissance.szczecin.pl\\\/wp-content\\\/uploads\\\/2019\\\/05\\\/Logo-Renaissance-main.png\",\"contentUrl\":\"https:\\\/\\\/renaissance.szczecin.pl\\\/wp-content\\\/uploads\\\/2019\\\/05\\\/Logo-Renaissance-main.png\",\"width\":370,\"height\":86,\"caption\":\"Restauracja Renaissance\"},\"image\":{\"@id\":\"https:\\\/\\\/renaissance.szczecin.pl\\\/#\\\/schema\\\/logo\\\/image\\\/\"}}]}<\/script>\n<!-- \/ Yoast SEO plugin. -->","yoast_head_json":{"title":"Geschenkgutscheine &#8211; Restauracja Renaissance Szczecin","description":"Sie suchen das perfekte Geschenk? Entscheiden Sie sich f\u00fcr einen Geschenkgutschein des Radisson Blu Hotels in Szczecin!","robots":{"index":"index","follow":"follow","max-snippet":"max-snippet:-1","max-image-preview":"max-image-preview:large","max-video-preview":"max-video-preview:-1"},"canonical":"https:\/\/renaissance.szczecin.pl\/de\/geschenkgutscheine\/","og_locale":"de_DE","og_type":"article","og_title":"Geschenkgutscheine &#8211; Restauracja Renaissance Szczecin","og_description":"Sie suchen das perfekte Geschenk? Entscheiden Sie sich f\u00fcr einen Geschenkgutschein des Radisson Blu Hotels in Szczecin!","og_url":"https:\/\/renaissance.szczecin.pl\/de\/geschenkgutscheine\/","og_site_name":"Restauracja Renaissance Szczecin","article_modified_time":"2024-10-14T07:38:23+00:00","twitter_card":"summary_large_image","twitter_misc":{"Gesch\u00e4tzte Lesezeit":"3\u00a0Minuten"},"schema":{"@context":"https:\/\/schema.org","@graph":[{"@type":"WebPage","@id":"https:\/\/renaissance.szczecin.pl\/de\/geschenkgutscheine\/","url":"https:\/\/renaissance.szczecin.pl\/de\/geschenkgutscheine\/","name":"Geschenkgutscheine &#8211; Restauracja Renaissance Szczecin","isPartOf":{"@id":"https:\/\/renaissance.szczecin.pl\/#website"},"datePublished":"2024-04-15T08:45:10+00:00","dateModified":"2024-10-14T07:38:23+00:00","description":"Sie suchen das perfekte Geschenk? Entscheiden Sie sich f\u00fcr einen Geschenkgutschein des Radisson Blu Hotels in Szczecin!","breadcrumb":{"@id":"https:\/\/renaissance.szczecin.pl\/de\/geschenkgutscheine\/#breadcrumb"},"inLanguage":"de","potentialAction":[{"@type":"ReadAction","target":["https:\/\/renaissance.szczecin.pl\/de\/geschenkgutscheine\/"]}]},{"@type":"BreadcrumbList","@id":"https:\/\/renaissance.szczecin.pl\/de\/geschenkgutscheine\/#breadcrumb","itemListElement":[{"@type":"ListItem","position":1,"name":"Strona g\u0142\u00f3wna","item":"https:\/\/renaissance.szczecin.pl\/de\/"},{"@type":"ListItem","position":2,"name":"Geschenkgutscheine"}]},{"@type":"WebSite","@id":"https:\/\/renaissance.szczecin.pl\/#website","url":"https:\/\/renaissance.szczecin.pl\/","name":"Restauracja Renaissance Szczecin","description":"","publisher":{"@id":"https:\/\/renaissance.szczecin.pl\/#organization"},"potentialAction":[{"@type":"SearchAction","target":{"@type":"EntryPoint","urlTemplate":"https:\/\/renaissance.szczecin.pl\/?s={search_term_string}"},"query-input":{"@type":"PropertyValueSpecification","valueRequired":true,"valueName":"search_term_string"}}],"inLanguage":"de"},{"@type":"Organization","@id":"https:\/\/renaissance.szczecin.pl\/#organization","name":"Restauracja Renaissance","url":"https:\/\/renaissance.szczecin.pl\/","logo":{"@type":"ImageObject","inLanguage":"de","@id":"https:\/\/renaissance.szczecin.pl\/#\/schema\/logo\/image\/","url":"https:\/\/renaissance.szczecin.pl\/wp-content\/uploads\/2019\/05\/Logo-Renaissance-main.png","contentUrl":"https:\/\/renaissance.szczecin.pl\/wp-content\/uploads\/2019\/05\/Logo-Renaissance-main.png","width":370,"height":86,"caption":"Restauracja Renaissance"},"image":{"@id":"https:\/\/renaissance.szczecin.pl\/#\/schema\/logo\/image\/"}}]}},"_links":{"self":[{"href":"https:\/\/renaissance.szczecin.pl\/de\/wp-json\/wp\/v2\/pages\/15523","targetHints":{"allow":["GET"]}}],"collection":[{"href":"https:\/\/renaissance.szczecin.pl\/de\/wp-json\/wp\/v2\/pages"}],"about":[{"href":"https:\/\/renaissance.szczecin.pl\/de\/wp-json\/wp\/v2\/types\/page"}],"author":[{"embeddable":true,"href":"https:\/\/renaissance.szczecin.pl\/de\/wp-json\/wp\/v2\/users\/1"}],"replies":[{"embeddable":true,"href":"https:\/\/renaissance.szczecin.pl\/de\/wp-json\/wp\/v2\/comments?post=15523"}],"version-history":[{"count":3,"href":"https:\/\/renaissance.szczecin.pl\/de\/wp-json\/wp\/v2\/pages\/15523\/revisions"}],"predecessor-version":[{"id":15829,"href":"https:\/\/renaissance.szczecin.pl\/de\/wp-json\/wp\/v2\/pages\/15523\/revisions\/15829"}],"wp:attachment":[{"href":"https:\/\/renaissance.szczecin.pl\/de\/wp-json\/wp\/v2\/media?parent=15523"}],"curies":[{"name":"wp","href":"https:\/\/api.w.org\/{rel}","templated":true}]}}