{"id":15549,"date":"2024-04-15T10:45:15","date_gmt":"2024-04-15T08:45:15","guid":{"rendered":"https:\/\/renaissance.szczecin.pl\/feste\/"},"modified":"2024-04-15T11:53:27","modified_gmt":"2024-04-15T09:53:27","slug":"feste","status":"publish","type":"page","link":"https:\/\/renaissance.szczecin.pl\/de\/feste\/","title":{"rendered":"Feste"},"content":{"rendered":"<div class=\"limit-wrapper\"><div class=\"row \"><div class=\"vamtam-grid grid-1-1  vamtam-first-level grid-1-1  first unextended has-extended-padding\" style=\"padding-top:0.05px;padding-bottom:0.05px;\" id=\"vamtam-column-906fe48fa128fc94c97fa9352e70596f\" ><div class=\"row \"><div class=\"vamtam-grid grid-1-6  grid-1-6  first unextended has-extended-padding\" style=\"padding-top:0.05px;padding-bottom:0.05px;\" id=\"vamtam-column-86c14e8d8ff478727f6903834a1257d7\" ><\/div>\n<div class=\"vamtam-grid grid-2-3  grid-2-3  unextended has-extended-padding\" style=\"padding-top:0.05px;padding-bottom:0.05px;\" id=\"vamtam-column-911ba9252d30be9286547d66a4ff44b5\" ><div class=\"row \"><div class=\"vamtam-grid grid-1-1  grid-1-1  first unextended no-extended-padding\" style=\"padding-top:0.05px;padding-bottom:0.05px;\" id=\"vamtam-column-67a12167c3c1dd8a6f24d1ebf7db8644\" ><p style=\"text-align: center;\">Das Renaissance-Restaurant im Radisson Blu Hotel in Stettin war ein voller Erfolg. In der Sommerausgabe des Fine Dining Week Festivals 2020 belegte es den dritten Platz in Polen und erneut den ersten Platz in Stettin in allen Kategorien.<\/p>\n<p style=\"text-align: center;\">Das talentierte Team unter der Leitung von Anna Szadkowska, der K\u00fcchenchefin des Radisson Blu Hotels in Stettin, kreierte ein siegreiches Men\u00fc, das den Gaumen unserer G\u00e4ste eroberte, w\u00e4hrend das Serviceteam unter der Leitung von Bernadeta Brzezi\u0144ska, der Gastronomieleiterin, ihre Herzen gewann!<\/p>\n<p style=\"text-align: center;\">Im Fine Dining Week Festival 2019 geh\u00f6rte es zu den herausragendsten in Polen. Als einzige im Land belegte es den ersten Platz in allen Kategorien: bestes Men\u00fc, beste Atmosph\u00e4re, bester Service, bestes Deb\u00fct, beliebtestes Restaurant.<\/p>\n<p style=\"text-align: center;\"><a href=\"https:\/\/renaissance.szczecin.pl\/wp-content\/uploads\/2020\/10\/Medale.png\"><img loading=\"lazy\" decoding=\"async\" class=\"size-full wp-image-14438 aligncenter\" src=\"https:\/\/renaissance.szczecin.pl\/wp-content\/uploads\/2020\/10\/Medale.png\" alt=\"\" width=\"813\" height=\"139\" srcset=\"https:\/\/renaissance.szczecin.pl\/wp-content\/uploads\/2020\/10\/Medale.png 813w, https:\/\/renaissance.szczecin.pl\/wp-content\/uploads\/2020\/10\/Medale-300x51.png 300w, https:\/\/renaissance.szczecin.pl\/wp-content\/uploads\/2020\/10\/Medale-768x131.png 768w, https:\/\/renaissance.szczecin.pl\/wp-content\/uploads\/2020\/10\/Medale-615x105.png 615w, https:\/\/renaissance.szczecin.pl\/wp-content\/uploads\/2020\/10\/Medale-400x68.png 400w, https:\/\/renaissance.szczecin.pl\/wp-content\/uploads\/2020\/10\/Medale-800x137.png 800w, https:\/\/renaissance.szczecin.pl\/wp-content\/uploads\/2020\/10\/Medale-292x50.png 292w, https:\/\/renaissance.szczecin.pl\/wp-content\/uploads\/2020\/10\/Medale-585x100.png 585w\" sizes=\"auto, (max-width: 813px) 100vw, 813px\" \/><\/a><\/p>\n<p style=\"text-align: center;\"><a href=\"https:\/\/renaissance.szczecin.pl\/wp-content\/uploads\/2020\/10\/Finest-Restaurant.png\"><img loading=\"lazy\" decoding=\"async\" class=\"wp-image-14440 aligncenter\" src=\"https:\/\/renaissance.szczecin.pl\/wp-content\/uploads\/2020\/10\/Finest-Restaurant-1024x768.png\" alt=\"Fine Dining Week\" width=\"687\" height=\"537\" \/><\/a><\/p><\/div><\/div><\/div>\n<div class=\"vamtam-grid grid-1-6  grid-1-6  unextended has-extended-padding\" style=\"padding-top:0.05px;padding-bottom:0.05px;\" id=\"vamtam-column-bf26baef6c91035e896deb49abe64ae1\" ><\/div><\/div><\/div><\/div><\/div>\n<div class=\"vamtam-blank-space \" style=\"height:30px\"><\/div>\n<div class=\"limit-wrapper\"><div class=\"row \"><div class=\"vamtam-grid grid-1-1  vamtam-first-level grid-1-1  first unextended no-extended-padding\" style=\"padding-top:0.05px;padding-bottom:0.05px;\" id=\"vamtam-column-939437030464af67df71808688731855\" ><p style=\"text-align: center;\">\u2748<\/p><\/div><\/div><\/div>\n","protected":false},"excerpt":{"rendered":"<p>Das Renaissance-Restaurant im Radisson Blu Hotel in Stettin war ein voller Erfolg. In der Sommerausgabe des Fine Dining Week Festivals 2020 belegte es den dritten Platz in Polen und erneut den ersten Platz in Stettin in allen Kategorien. Das talentierte&#8230;<\/p>\n","protected":false},"author":1,"featured_media":0,"parent":0,"menu_order":0,"comment_status":"closed","ping_status":"open","template":"","meta":{"_monsterinsights_skip_tracking":false,"_monsterinsights_sitenote_active":false,"_monsterinsights_sitenote_note":"","_monsterinsights_sitenote_category":0,"footnotes":""},"class_list":["post-15549","page","type-page","status-publish","hentry"],"yoast_head":"<!-- This site is optimized with the Yoast SEO plugin v27.2 - https:\/\/yoast.com\/product\/yoast-seo-wordpress\/ -->\n<title>Feste &#8211; Restauracja Renaissance Szczecin<\/title>\n<meta name=\"description\" content=\"Bei der Sommerausgabe der Fine Dining Week 2020 belegte es den dritten Platz in Polen und erneut den ersten Platz in Szczecin in allen Kategorien.\" \/>\n<meta name=\"robots\" content=\"index, follow, max-snippet:-1, max-image-preview:large, max-video-preview:-1\" \/>\n<link rel=\"canonical\" href=\"https:\/\/renaissance.szczecin.pl\/de\/feste\/\" \/>\n<meta property=\"og:locale\" content=\"de_DE\" \/>\n<meta property=\"og:type\" content=\"article\" \/>\n<meta property=\"og:title\" content=\"Feste &#8211; Restauracja Renaissance Szczecin\" \/>\n<meta property=\"og:description\" content=\"Bei der Sommerausgabe der Fine Dining Week 2020 belegte es den dritten Platz in Polen und erneut den ersten Platz in Szczecin in allen Kategorien.\" \/>\n<meta property=\"og:url\" content=\"https:\/\/renaissance.szczecin.pl\/de\/feste\/\" \/>\n<meta property=\"og:site_name\" content=\"Restauracja Renaissance Szczecin\" \/>\n<meta property=\"article:modified_time\" content=\"2024-04-15T09:53:27+00:00\" \/>\n<meta property=\"og:image\" content=\"https:\/\/renaissance.szczecin.pl\/wp-content\/uploads\/2020\/10\/Medale.png\" \/>\n<meta name=\"twitter:card\" content=\"summary_large_image\" \/>\n<meta name=\"twitter:label1\" content=\"Gesch\u00e4tzte Lesezeit\" \/>\n\t<meta name=\"twitter:data1\" content=\"2\u00a0Minuten\" \/>\n<script type=\"application\/ld+json\" class=\"yoast-schema-graph\">{\"@context\":\"https:\/\/schema.org\",\"@graph\":[{\"@type\":\"WebPage\",\"@id\":\"https:\/\/renaissance.szczecin.pl\/de\/feste\/\",\"url\":\"https:\/\/renaissance.szczecin.pl\/de\/feste\/\",\"name\":\"Feste &#8211; Restauracja Renaissance Szczecin\",\"isPartOf\":{\"@id\":\"https:\/\/renaissance.szczecin.pl\/#website\"},\"primaryImageOfPage\":{\"@id\":\"https:\/\/renaissance.szczecin.pl\/de\/feste\/#primaryimage\"},\"image\":{\"@id\":\"https:\/\/renaissance.szczecin.pl\/de\/feste\/#primaryimage\"},\"thumbnailUrl\":\"https:\/\/renaissance.szczecin.pl\/wp-content\/uploads\/2020\/10\/Medale.png\",\"datePublished\":\"2024-04-15T08:45:15+00:00\",\"dateModified\":\"2024-04-15T09:53:27+00:00\",\"description\":\"Bei der Sommerausgabe der Fine Dining Week 2020 belegte es den dritten Platz in Polen und erneut den ersten Platz in Szczecin in allen Kategorien.\",\"breadcrumb\":{\"@id\":\"https:\/\/renaissance.szczecin.pl\/de\/feste\/#breadcrumb\"},\"inLanguage\":\"de\",\"potentialAction\":[{\"@type\":\"ReadAction\",\"target\":[\"https:\/\/renaissance.szczecin.pl\/de\/feste\/\"]}]},{\"@type\":\"ImageObject\",\"inLanguage\":\"de\",\"@id\":\"https:\/\/renaissance.szczecin.pl\/de\/feste\/#primaryimage\",\"url\":\"https:\/\/renaissance.szczecin.pl\/wp-content\/uploads\/2020\/10\/Medale.png\",\"contentUrl\":\"https:\/\/renaissance.szczecin.pl\/wp-content\/uploads\/2020\/10\/Medale.png\"},{\"@type\":\"BreadcrumbList\",\"@id\":\"https:\/\/renaissance.szczecin.pl\/de\/feste\/#breadcrumb\",\"itemListElement\":[{\"@type\":\"ListItem\",\"position\":1,\"name\":\"Strona g\u0142\u00f3wna\",\"item\":\"https:\/\/renaissance.szczecin.pl\/de\/\"},{\"@type\":\"ListItem\",\"position\":2,\"name\":\"Feste\"}]},{\"@type\":\"WebSite\",\"@id\":\"https:\/\/renaissance.szczecin.pl\/#website\",\"url\":\"https:\/\/renaissance.szczecin.pl\/\",\"name\":\"Restauracja Renaissance Szczecin\",\"description\":\"\",\"publisher\":{\"@id\":\"https:\/\/renaissance.szczecin.pl\/#organization\"},\"potentialAction\":[{\"@type\":\"SearchAction\",\"target\":{\"@type\":\"EntryPoint\",\"urlTemplate\":\"https:\/\/renaissance.szczecin.pl\/?s={search_term_string}\"},\"query-input\":{\"@type\":\"PropertyValueSpecification\",\"valueRequired\":true,\"valueName\":\"search_term_string\"}}],\"inLanguage\":\"de\"},{\"@type\":\"Organization\",\"@id\":\"https:\/\/renaissance.szczecin.pl\/#organization\",\"name\":\"Restauracja Renaissance\",\"url\":\"https:\/\/renaissance.szczecin.pl\/\",\"logo\":{\"@type\":\"ImageObject\",\"inLanguage\":\"de\",\"@id\":\"https:\/\/renaissance.szczecin.pl\/#\/schema\/logo\/image\/\",\"url\":\"https:\/\/renaissance.szczecin.pl\/wp-content\/uploads\/2019\/05\/Logo-Renaissance-main.png\",\"contentUrl\":\"https:\/\/renaissance.szczecin.pl\/wp-content\/uploads\/2019\/05\/Logo-Renaissance-main.png\",\"width\":370,\"height\":86,\"caption\":\"Restauracja Renaissance\"},\"image\":{\"@id\":\"https:\/\/renaissance.szczecin.pl\/#\/schema\/logo\/image\/\"}}]}<\/script>\n<!-- \/ Yoast SEO plugin. -->","yoast_head_json":{"title":"Feste &#8211; Restauracja Renaissance Szczecin","description":"Bei der Sommerausgabe der Fine Dining Week 2020 belegte es den dritten Platz in Polen und erneut den ersten Platz in Szczecin in allen Kategorien.","robots":{"index":"index","follow":"follow","max-snippet":"max-snippet:-1","max-image-preview":"max-image-preview:large","max-video-preview":"max-video-preview:-1"},"canonical":"https:\/\/renaissance.szczecin.pl\/de\/feste\/","og_locale":"de_DE","og_type":"article","og_title":"Feste &#8211; Restauracja Renaissance Szczecin","og_description":"Bei der Sommerausgabe der Fine Dining Week 2020 belegte es den dritten Platz in Polen und erneut den ersten Platz in Szczecin in allen Kategorien.","og_url":"https:\/\/renaissance.szczecin.pl\/de\/feste\/","og_site_name":"Restauracja Renaissance Szczecin","article_modified_time":"2024-04-15T09:53:27+00:00","og_image":[{"url":"https:\/\/renaissance.szczecin.pl\/wp-content\/uploads\/2020\/10\/Medale.png","type":"","width":"","height":""}],"twitter_card":"summary_large_image","twitter_misc":{"Gesch\u00e4tzte Lesezeit":"2\u00a0Minuten"},"schema":{"@context":"https:\/\/schema.org","@graph":[{"@type":"WebPage","@id":"https:\/\/renaissance.szczecin.pl\/de\/feste\/","url":"https:\/\/renaissance.szczecin.pl\/de\/feste\/","name":"Feste &#8211; Restauracja Renaissance Szczecin","isPartOf":{"@id":"https:\/\/renaissance.szczecin.pl\/#website"},"primaryImageOfPage":{"@id":"https:\/\/renaissance.szczecin.pl\/de\/feste\/#primaryimage"},"image":{"@id":"https:\/\/renaissance.szczecin.pl\/de\/feste\/#primaryimage"},"thumbnailUrl":"https:\/\/renaissance.szczecin.pl\/wp-content\/uploads\/2020\/10\/Medale.png","datePublished":"2024-04-15T08:45:15+00:00","dateModified":"2024-04-15T09:53:27+00:00","description":"Bei der Sommerausgabe der Fine Dining Week 2020 belegte es den dritten Platz in Polen und erneut den ersten Platz in Szczecin in allen Kategorien.","breadcrumb":{"@id":"https:\/\/renaissance.szczecin.pl\/de\/feste\/#breadcrumb"},"inLanguage":"de","potentialAction":[{"@type":"ReadAction","target":["https:\/\/renaissance.szczecin.pl\/de\/feste\/"]}]},{"@type":"ImageObject","inLanguage":"de","@id":"https:\/\/renaissance.szczecin.pl\/de\/feste\/#primaryimage","url":"https:\/\/renaissance.szczecin.pl\/wp-content\/uploads\/2020\/10\/Medale.png","contentUrl":"https:\/\/renaissance.szczecin.pl\/wp-content\/uploads\/2020\/10\/Medale.png"},{"@type":"BreadcrumbList","@id":"https:\/\/renaissance.szczecin.pl\/de\/feste\/#breadcrumb","itemListElement":[{"@type":"ListItem","position":1,"name":"Strona g\u0142\u00f3wna","item":"https:\/\/renaissance.szczecin.pl\/de\/"},{"@type":"ListItem","position":2,"name":"Feste"}]},{"@type":"WebSite","@id":"https:\/\/renaissance.szczecin.pl\/#website","url":"https:\/\/renaissance.szczecin.pl\/","name":"Restauracja Renaissance Szczecin","description":"","publisher":{"@id":"https:\/\/renaissance.szczecin.pl\/#organization"},"potentialAction":[{"@type":"SearchAction","target":{"@type":"EntryPoint","urlTemplate":"https:\/\/renaissance.szczecin.pl\/?s={search_term_string}"},"query-input":{"@type":"PropertyValueSpecification","valueRequired":true,"valueName":"search_term_string"}}],"inLanguage":"de"},{"@type":"Organization","@id":"https:\/\/renaissance.szczecin.pl\/#organization","name":"Restauracja Renaissance","url":"https:\/\/renaissance.szczecin.pl\/","logo":{"@type":"ImageObject","inLanguage":"de","@id":"https:\/\/renaissance.szczecin.pl\/#\/schema\/logo\/image\/","url":"https:\/\/renaissance.szczecin.pl\/wp-content\/uploads\/2019\/05\/Logo-Renaissance-main.png","contentUrl":"https:\/\/renaissance.szczecin.pl\/wp-content\/uploads\/2019\/05\/Logo-Renaissance-main.png","width":370,"height":86,"caption":"Restauracja Renaissance"},"image":{"@id":"https:\/\/renaissance.szczecin.pl\/#\/schema\/logo\/image\/"}}]}},"_links":{"self":[{"href":"https:\/\/renaissance.szczecin.pl\/de\/wp-json\/wp\/v2\/pages\/15549","targetHints":{"allow":["GET"]}}],"collection":[{"href":"https:\/\/renaissance.szczecin.pl\/de\/wp-json\/wp\/v2\/pages"}],"about":[{"href":"https:\/\/renaissance.szczecin.pl\/de\/wp-json\/wp\/v2\/types\/page"}],"author":[{"embeddable":true,"href":"https:\/\/renaissance.szczecin.pl\/de\/wp-json\/wp\/v2\/users\/1"}],"replies":[{"embeddable":true,"href":"https:\/\/renaissance.szczecin.pl\/de\/wp-json\/wp\/v2\/comments?post=15549"}],"version-history":[{"count":3,"href":"https:\/\/renaissance.szczecin.pl\/de\/wp-json\/wp\/v2\/pages\/15549\/revisions"}],"predecessor-version":[{"id":15585,"href":"https:\/\/renaissance.szczecin.pl\/de\/wp-json\/wp\/v2\/pages\/15549\/revisions\/15585"}],"wp:attachment":[{"href":"https:\/\/renaissance.szczecin.pl\/de\/wp-json\/wp\/v2\/media?parent=15549"}],"curies":[{"name":"wp","href":"https:\/\/api.w.org\/{rel}","templated":true}]}}