{"id":15905,"date":"2024-10-30T10:40:29","date_gmt":"2024-10-30T09:40:29","guid":{"rendered":"https:\/\/renaissance.szczecin.pl\/gans-am-sankt-martins-tag\/"},"modified":"2025-11-04T13:01:37","modified_gmt":"2025-11-04T12:01:37","slug":"gans-am-sankt-martins-tag","status":"publish","type":"page","link":"https:\/\/renaissance.szczecin.pl\/de\/gans-am-sankt-martins-tag\/","title":{"rendered":"Gans am Sankt-Martins-Tag"},"content":{"rendered":"<div class=\"vamtam-blank-space \" style=\"height:30px\"><\/div>\n<div class=\"limit-wrapper\"><div class=\"row \"><div class=\"vamtam-grid grid-1-1  vamtam-first-level grid-1-1  first unextended has-extended-padding\" style=\"padding-top:0.05px;padding-bottom:0.05px;\" id=\"vamtam-column-378b71f8d78f6bf72ccf362c911de7d4\" ><div class=\"row \"><div class=\"vamtam-grid grid-3-5  grid-3-5  first unextended has-extended-padding\" style=\"padding-top:0.05px;padding-bottom:0.05px;\" id=\"vamtam-column-e2888f647d2d953cc021fcf35ae18227\" ><div class=\"row \"><div class=\"vamtam-grid grid-1-1  grid-1-1  first unextended no-extended-padding\" style=\"padding-top:0.05px;padding-bottom:0.05px;\" id=\"vamtam-column-2d7182bc85ae26232cca79c97ef5b0e4\" ><h5><strong>Ab dem 11. November laden wir Sie zu einem einzigartigen Men\u00fc ein, in dem G\u00e4nsefleisch eine zentrale Rolle spielt!<\/strong><\/h5>\n<span class=\"vamtam-blank-space \" style=\"height:20px\"><\/span>\n<blockquote><p><em>&#8222;Das Braten von G\u00e4nsen am St. Martinstag hat eine lange Tradition, was wahrscheinlich darauf zur\u00fcckzuf\u00fchren ist, dass die Grundbesitzer zu dieser Zeit \u00fcblicherweise Tribut zahlten, zu dem auch G\u00e4nse geh\u00f6rten. Der Sammler, der \u00fcber einen \u00dcberfluss an G\u00e4nsen verf\u00fcgte, lud seine G\u00e4ste zu einem Festmahl mit gebratenen G\u00e4nsen ein. Die Gans wurde gew\u00f6hnlich mit sauren \u00c4pfeln (in der F\u00fcllung) gebraten. Vielleicht ist der Grund, warum G\u00e4nse am St. Martinstag geschlachtet und gebraten werden, der, dass sie zu dieser Zeit am fettesten und leckersten sind. <\/em><\/p>\n<p><em>Oskar Kolberg (Ethnograph)<\/em><\/p><\/blockquote>\n<span class=\"vamtam-blank-space \" style=\"height:20px\"><\/span>\n<p><strong>Vorspeise<\/strong><\/p>\n<p>Ger\u00e4ucherte G\u00e4nsebrust auf Salat mit marinierten Rote-Bete und Wildbrokkoli<\/p>\n<p>52 z\u0142<\/p>\n<p>G\u00e4nseleberpastete mit Sanddornmousse und edlem Armagnac<\/p>\n<p>49 z\u0142<\/p>\n<div class=\"sep\"><\/div>\n<p><strong>Suppe<\/strong><\/p>\n<p>Altpolnische Sauermehlsuppe mit G\u00e4nsem\u00e4gen und Meerrettichp\u00fcree<\/p>\n<p>55 z\u0142<\/p>\n<div class=\"sep\"><\/div>\n<p><strong>Hauptgericht<\/strong><\/p>\n<p>Geschmorte G\u00e4nsekeule in Preiselbeer-Wacholder-Sauce, serviert mit Graukl\u00f6sschen und glasierter Birne<\/p>\n<p>120 z\u0142<\/p>\n<div class=\"sep\"><\/div>\n<p><strong>Dessert<\/strong><\/p>\n<p>Schokoladenmousse mit Zimt und Preiselbeeren auf M\u00fcrbeteig, mit in Rotwein marinierten Birnen<\/p>\n<p>36 z\u0142<\/p>\n<div class=\"sep\"><\/div>\n<p style=\"text-align: left;\"><span class='icon shortcode   use-hover' style='color:#cb7152;font-size:18px !important;'>&#57924;<\/span> Angebot g\u00fcltig von 11 bis 15.11.2024<\/p><\/div><\/div><\/div>\n<div class=\"vamtam-grid grid-2-5  grid-2-5  unextended has-extended-padding\" style=\"padding-top:0.05px;padding-bottom:0.05px;\" id=\"vamtam-column-6191b28cf1ed39c1ece39c0fe0ccc90f\" ><div class=\"row \"><div class=\"vamtam-grid grid-1-1  grid-1-1  first unextended no-extended-padding\" style=\"padding-top:0.05px;padding-bottom:0.05px;\" id=\"vamtam-column-0711dbeb208c219d53c1f4426245e13c\" >\t\t<div class=\"sep-text single centered\">\n\t\t\t\t\t\t\t<div class=\"sep-text-before\"><div class=\"sep-text-line\"><\/div><\/div>\n\t\t\t\t\t\t<div class=\"content\">\n\t\t\t\t<h2 class=\"text-divider-double\">Reservieren Sie!<\/h2>\t\t\t<\/div>\n\t\t\t<div class=\"sep-text-after\"><div class=\"sep-text-line\"><\/div><\/div>\n\t\t\t\t\t<\/div>\n\t<p>\n<div class=\"wpcf7 no-js\" id=\"wpcf7-f15580-o1\" lang=\"pl-PL\" dir=\"ltr\" data-wpcf7-id=\"15580\">\n<div class=\"screen-reader-response\"><p role=\"status\" aria-live=\"polite\" aria-atomic=\"true\"><\/p> <ul><\/ul><\/div>\n<form action=\"\/de\/wp-json\/wp\/v2\/pages\/15905#wpcf7-f15580-o1\" method=\"post\" class=\"wpcf7-form init\" aria-label=\"Formularz kontaktowy\" novalidate=\"novalidate\" data-status=\"init\">\n<fieldset class=\"hidden-fields-container\"><input type=\"hidden\" name=\"_wpcf7\" value=\"15580\" \/><input type=\"hidden\" name=\"_wpcf7_version\" value=\"6.1.5\" \/><input type=\"hidden\" name=\"_wpcf7_locale\" value=\"pl_PL\" \/><input type=\"hidden\" name=\"_wpcf7_unit_tag\" value=\"wpcf7-f15580-o1\" \/><input type=\"hidden\" name=\"_wpcf7_container_post\" value=\"0\" \/><input type=\"hidden\" name=\"_wpcf7_posted_data_hash\" value=\"\" \/><input type=\"hidden\" name=\"_wpcf7_recaptcha_response\" value=\"\" \/>\n<\/fieldset>\n<p><label> Name<br \/>\n<span class=\"wpcf7-form-control-wrap\" data-name=\"your-name\"><input size=\"40\" maxlength=\"400\" class=\"wpcf7-form-control wpcf7-text wpcf7-validates-as-required\" autocomplete=\"name\" aria-required=\"true\" aria-invalid=\"false\" value=\"\" type=\"text\" name=\"your-name\" \/><\/span> <\/label>\n<\/p>\n<p><label> E-mail<br \/>\n<span class=\"wpcf7-form-control-wrap\" data-name=\"your-email\"><input size=\"40\" maxlength=\"400\" class=\"wpcf7-form-control wpcf7-email wpcf7-validates-as-required wpcf7-text wpcf7-validates-as-email\" autocomplete=\"email\" aria-required=\"true\" aria-invalid=\"false\" value=\"\" type=\"email\" name=\"your-email\" \/><\/span> <\/label>\n<\/p>\n<p><label> Telefon<br \/>\n<span class=\"wpcf7-form-control-wrap\" data-name=\"tel-230\"><input size=\"40\" maxlength=\"400\" class=\"wpcf7-form-control wpcf7-tel wpcf7-validates-as-required wpcf7-text wpcf7-validates-as-tel\" aria-required=\"true\" aria-invalid=\"false\" value=\"\" type=\"tel\" name=\"tel-230\" \/><\/span> <\/label>\n<\/p>\n<p><label> Reservieren Sie!<br \/>\n<span class=\"wpcf7-form-control-wrap\" data-name=\"your-message\"><textarea cols=\"40\" rows=\"10\" maxlength=\"2000\" class=\"wpcf7-form-control wpcf7-textarea wpcf7-validates-as-required\" aria-required=\"true\" aria-invalid=\"false\" name=\"your-message\">Bitte geben Sie das Datum, die Uhrzeit der Buchung und die Anzahl der Personen ein.<\/textarea><\/span> <\/label>\n<\/p>\n<p><input class=\"wpcf7-form-control wpcf7-submit has-spinner\" type=\"submit\" value=\"Senden\" \/>\n<\/p><div class=\"wpcf7-response-output\" aria-hidden=\"true\"><\/div>\n<\/form>\n<\/div>\n<\/p><\/div><\/div>\n<div class=\"row \"><div class=\"vamtam-grid grid-1-1  grid-1-1  first unextended no-extended-padding\" style=\"padding-top:0.05px;padding-bottom:0.05px;\" id=\"vamtam-column-c8b236e3f1a3bf27c67a0a0770e6f86a\" ><p><style id=\"wp_carousel_dynamic_css15199\">.sp-wp-carousel-free-id-15199.wpcf-fancybox-wrapper .fancybox-bg{background: #0b0b0b;opacity: 0.8;}.sp-wp-carousel-free-id-15199.wpcf-fancybox-wrapper .fancybox-navigation .fancybox-button .wpcp-fancybox-nav-arrow i {color: #ccc;}.sp-wp-carousel-free-id-15199.wpcf-fancybox-wrapper .fancybox-navigation .fancybox-button .wpcp-fancybox-nav-arrow i:hover {color: #fff;}.sp-wp-carousel-free-id-15199.wpcf-fancybox-wrapper .fancybox-navigation .fancybox-button {background: #1e1e1e;}.sp-wp-carousel-free-id-15199.wpcf-fancybox-wrapper .fancybox-navigation .fancybox-button:hover {background: #1e1e1e;}#sp-wp-carousel-free-id-15199 .wpcp-swiper-dots {margin: 40px 0px 0px 0px;}.wpcp-wrapper-15199 .swiper-wrapper .swiper-slide-kenburn, .wpcp-wrapper-15199 .swiper-wrapper, .wpcp-wrapper-15199 .wpcpro-row{align-items: center;}#sp-wp-carousel-free-id-15199 .wpcp-single-item {box-shadow: 0px 0px 0px 0px #dddddd;transition: all .3s;margin: 0px;}#sp-wp-carousel-free-id-15199.swiper-flip .wpcp-single-item{margin: 0!important;}#sp-wp-carousel-free-id-15199 .wpcp-single-item:hover {box-shadow: 0px 0px 0px 0px #dddddd;}#sp-wp-carousel-free-id-15199.sp-wpcp-15199 .wpcp-single-item {border: 1px solid #dddddd;}#sp-wp-carousel-free-id-15199.wpcp-carousel-section.sp-wpcp-15199 .swiper-button-prev,#sp-wp-carousel-free-id-15199.wpcp-carousel-section.sp-wpcp-15199 .swiper-button-next,#sp-wp-carousel-free-id-15199.wpcp-carousel-section.sp-wpcp-15199 .swiper-button-prev:hover,#sp-wp-carousel-free-id-15199.wpcp-carousel-section.sp-wpcp-15199 .swiper-button-next:hover {font-size: 18px ; font-weight: 400;}#sp-wp-carousel-free-id-15199.sp-wpcp-15199 .swiper-button-prev,#sp-wp-carousel-free-id-15199.sp-wpcp-15199 .swiper-button-next,#sp-wp-carousel-free-id-15199.sp-wpcp-15199 .swiper-button-prev:hover,#sp-wp-carousel-free-id-15199.sp-wpcp-15199 .swiper-button-next:hover {background: none;border: none;font-size: 30px;}#sp-wp-carousel-free-id-15199.sp-wpcp-15199 .swiper-button-prev i,#sp-wp-carousel-free-id-15199.sp-wpcp-15199 .swiper-button-next i {color: #aaa;}#sp-wp-carousel-free-id-15199.sp-wpcp-15199 .swiper-button-prev i:hover,#sp-wp-carousel-free-id-15199.sp-wpcp-15199 .swiper-button-next i:hover {color: #178087;}#sp-wp-carousel-free-id-15199.sp-wpcp-15199 .wpcp-swiper-dots .swiper-pagination-bullet {background-color: #cccccc;}#sp-wp-carousel-free-id-15199.sp-wpcp-15199 .wpcp-swiper-dots .swiper-pagination-bullet.swiper-pagination-bullet-active {background-color: #178087;} #sp-wp-carousel-free-id-15199.sp-wpcp-15199.wpcp-image-carousel .wpcp-single-item:hover img, #sp-wp-carousel-free-id-15199.sp-wpcp-15199.wpcp-post-carousel .wpcp-single-item:hover img, #sp-wp-carousel-free-id-15199.sp-wpcp-15199.wpcp-product-carousel .wpcp-single-item:hover img{-webkit-transform: scale(1.2);-moz-transform: scale(1.2);transform: scale(1.2);}@media screen and (max-width: 479px) {#sp-wp-carousel-free-id-15199.nav-vertical-center {padding: 0;margin:0;}#sp-wp-carousel-free-id-15199.nav-vertical-center .wpcp-next-button,#sp-wp-carousel-free-id-15199.nav-vertical-center .wpcp-prev-button {display: none;}}#sp-wp-carousel-free-id-15199 .wpcpro-row>[class*=\"wpcpro-col-\"] { padding: 0 10px; padding-bottom: 20px;} #sp-wp-carousel-free-id-15199 .swiper-slide .single-item-fade:not(:last-child) { margin-right: 20px;}@media (min-width: 480px) { .wpcpro-row .wpcpro-col-sm-1 { flex: 0 0 100%; max-width: 100%; } .wpcpro-row .wpcpro-col-sm-2 { flex: 0 0 50%; max-width: 50%; } .wpcpro-row .wpcpro-col-sm-2-5 { flex: 0 0 75%; max-width: 75%; } .wpcpro-row .wpcpro-col-sm-3 { flex: 0 0 33.333%; max-width: 33.333%; } .wpcpro-row .wpcpro-col-sm-4 { flex: 0 0 25%; max-width: 25%; } .wpcpro-row .wpcpro-col-sm-5 { flex: 0 0 20%; max-width: 20%; } .wpcpro-row .wpcpro-col-sm-6 { flex: 0 0 16.66666666666667%; max-width: 16.66666666666667%; } .wpcpro-row .wpcpro-col-sm-7 { flex: 0 0 14.28571428%; max-width: 14.28571428%; } .wpcpro-row .wpcpro-col-sm-8 { flex: 0 0 12.5%; max-width: 12.5%; } } @media (max-width: 480px) { .wpcpro-row .wpcpro-col-xs-1 { flex: 0 0 100%; max-width: 100%; } .wpcpro-row .wpcpro-col-xs-2 { flex: 0 0 50%; max-width: 50%; } .wpcpro-row .wpcpro-col-xs-3 { flex: 0 0 33.222%; max-width: 33.222%; } .wpcpro-row .wpcpro-col-xs-4 { flex: 0 0 25%; max-width: 25%; } .wpcpro-row .wpcpro-col-xs-5 { flex: 0 0 20%; max-width: 20%; } .wpcpro-row .wpcpro-col-xs-6 { flex: 0 0 16.6667%; max-width: 16.6667%; } .wpcpro-row .wpcpro-col-xs-7 { flex: 0 0 14.28571428%; max-width: 14.28571428%; } .wpcpro-row .wpcpro-col-xs-8 { flex: 0 0 12.5%; max-width: 12.5%; } } @media (min-width: 736px) { .wpcpro-row .wpcpro-col-md-1 { flex: 0 0 100%; max-width: 100%; } .wpcpro-row .wpcpro-col-md-2 { flex: 0 0 50%; max-width: 50%; } .wpcpro-row .wpcpro-col-md-2-5 { flex: 0 0 75%; max-width: 75%; } .wpcpro-row .wpcpro-col-md-3 { flex: 0 0 33.333%; max-width: 33.333%; } .wpcpro-row .wpcpro-col-md-4 { flex: 0 0 25%; max-width: 25%; } .wpcpro-row .wpcpro-col-md-5 { flex: 0 0 20%; max-width: 20%; } .wpcpro-row .wpcpro-col-md-6 { flex: 0 0 16.66666666666667%; max-width: 16.66666666666667%; } .wpcpro-row .wpcpro-col-md-7 { flex: 0 0 14.28571428%; max-width: 14.28571428%; } .wpcpro-row .wpcpro-col-md-8 { flex: 0 0 12.5%; max-width: 12.5%; } } @media (min-width: 980px) { .wpcpro-row .wpcpro-col-lg-1 { flex: 0 0 100%; max-width: 100%; } .wpcpro-row .wpcpro-col-lg-2 { flex: 0 0 50%; max-width: 50%; } .wpcpro-row .wpcpro-col-lg-3 { flex: 0 0 33.222%; max-width: 33.222%; } .wpcpro-row .wpcpro-col-lg-4 { flex: 0 0 25%; max-width: 25%; } .wpcpro-row .wpcpro-col-lg-5 { flex: 0 0 20%; max-width: 20%; } .wpcpro-row .wpcpro-col-lg-6 { flex: 0 0 16.6667%; max-width: 16.6667%; } .wpcpro-row .wpcpro-col-lg-7 { flex: 0 0 14.28571428%; max-width: 14.28571428%; } .wpcpro-row .wpcpro-col-lg-8 { flex: 0 0 12.5%; max-width: 12.5%; } } @media (min-width: 1200px) { .wpcpro-row .wpcpro-col-xl-1 { flex: 0 0 100%; max-width: 100%; } .wpcpro-row .wpcpro-col-xl-2 { flex: 0 0 50%; max-width: 50%; } .wpcpro-row .wpcpro-col-xl-3 { flex: 0 0 33.22222222%; max-width: 33.22222222%; } .wpcpro-row .wpcpro-col-xl-4 { flex: 0 0 25%; max-width: 25%; } .wpcpro-row .wpcpro-col-xl-5 { flex: 0 0 20%; max-width: 20%; } .wpcpro-row .wpcpro-col-xl-6 { flex: 0 0 16.66667%; max-width: 16.66667%; } .wpcpro-row .wpcpro-col-xl-7 { flex: 0 0 14.28571428%; max-width: 14.28571428%; } .wpcpro-row .wpcpro-col-xl-8 { flex: 0 0 12.5%; max-width: 12.5%; } }<\/style><div class=\"wpcp-carousel-wrapper wpcp-wrapper-15199\">\n\t<div id=\"wpcp-preloader-15199\" class=\"wpcp-carousel-preloader\"><img decoding=\"async\" src=\"https:\/\/renaissance.szczecin.pl\/wp-content\/plugins\/wp-carousel-free\/public\/css\/spinner.svg\" alt=\"Preloader Image\" \/><\/div>\t<div class=\"wpcp-carousel-content-wrapper\">\n\t<div id=\"sp-wp-carousel-free-id-15199\" class=\"wpcp-carousel-section sp-wpcp-15199  nav-vertical-center wpcp-image-carousel wpcp-preloader wpcp-standard\" data-swiper='{ &quot;pagination_type&quot;: &quot;dots&quot;,&quot;accessibility&quot;:true, &quot;spaceBetween&quot;:0, &quot;arrows&quot;:true, &quot;freeMode&quot;: false, &quot;autoplay&quot;:true, &quot;effect&quot;: &quot;normal&quot;, &quot;centerMode&quot;: false, &quot;autoplaySpeed&quot;:3000, &quot;dots&quot;:true, &quot;infinite&quot;:true, &quot;speed&quot;:600, &quot;pauseOnHover&quot;:true,\n\t\t\t&quot;slidesToShow&quot;:{&quot;lg_desktop&quot;:1, &quot;desktop&quot;: 1, &quot;laptop&quot;: 1, &quot;tablet&quot;: 1, &quot;mobile&quot;: 1}, &quot;responsive&quot;:{&quot;desktop&quot;:1200, &quot;laptop&quot;: 980, &quot;tablet&quot;: 736, &quot;mobile&quot;: 480}, &quot;rtl&quot;:false, &quot;lazyLoad&quot;: &quot;false&quot;, &quot;swipe&quot;: true, &quot;draggable&quot;: true, &quot;swipeToSlide&quot;:false }' dir=\"ltr\">\n\t\t<div class=\"swiper-wrapper\">\n\t\t<div class=\"swiper-slide\">\n\t<div class=\"wpcp-single-item\">\n\t\t\t<a class=\"wcp-light-box\" data-buttons='[\"close\"]' data-wpc_url='https:\/\/renaissance.szczecin.pl\/wp-content\/uploads\/2025\/11\/renesans_gesina_zjedzmy-danie-glowne.jpg' href=\"https:\/\/renaissance.szczecin.pl\/wp-content\/uploads\/2025\/11\/renesans_gesina_zjedzmy-danie-glowne.jpg\" data-fancybox=\"wpcp_view\">\n\t\t<figure>\n\t\t\t<img loading=\"lazy\" decoding=\"async\" class=\"skip-lazy\" src=\"https:\/\/renaissance.szczecin.pl\/wp-content\/uploads\/2025\/11\/renesans_gesina_zjedzmy-danie-glowne.jpg\" alt=\"renesans_g\u0119sina_zjedzmy-danie-glowne\" width=\"1200\" height=\"837\">\t\t<\/figure>\n\t<\/a>\n\t\t<\/div>\n<\/div>\n\t<div class=\"swiper-slide\">\n\t<div class=\"wpcp-single-item\">\n\t\t\t<a class=\"wcp-light-box\" data-buttons='[\"close\"]' data-wpc_url='https:\/\/renaissance.szczecin.pl\/wp-content\/uploads\/2025\/11\/renesans_gesina_zjedzmy-salatka.jpg' href=\"https:\/\/renaissance.szczecin.pl\/wp-content\/uploads\/2025\/11\/renesans_gesina_zjedzmy-salatka.jpg\" data-fancybox=\"wpcp_view\">\n\t\t<figure>\n\t\t\t<img loading=\"lazy\" decoding=\"async\" class=\"skip-lazy\" src=\"https:\/\/renaissance.szczecin.pl\/wp-content\/uploads\/2025\/11\/renesans_gesina_zjedzmy-salatka.jpg\" alt=\"renesans_g\u0119sina_zjedzmy-salatka\" width=\"1200\" height=\"837\">\t\t<\/figure>\n\t<\/a>\n\t\t<\/div>\n<\/div>\n\t<div class=\"swiper-slide\">\n\t<div class=\"wpcp-single-item\">\n\t\t\t<a class=\"wcp-light-box\" data-buttons='[\"close\"]' data-wpc_url='https:\/\/renaissance.szczecin.pl\/wp-content\/uploads\/2025\/11\/renesans_gesina_zjedzmy-przystawka.jpg' href=\"https:\/\/renaissance.szczecin.pl\/wp-content\/uploads\/2025\/11\/renesans_gesina_zjedzmy-przystawka.jpg\" data-fancybox=\"wpcp_view\">\n\t\t<figure>\n\t\t\t<img loading=\"lazy\" decoding=\"async\" class=\"skip-lazy\" src=\"https:\/\/renaissance.szczecin.pl\/wp-content\/uploads\/2025\/11\/renesans_gesina_zjedzmy-przystawka.jpg\" alt=\"renesans_g\u0119sina_zjedzmy-przystawka\" width=\"1200\" height=\"837\">\t\t<\/figure>\n\t<\/a>\n\t\t<\/div>\n<\/div>\n\t<div class=\"swiper-slide\">\n\t<div class=\"wpcp-single-item\">\n\t\t\t<a class=\"wcp-light-box\" data-buttons='[\"close\"]' data-wpc_url='https:\/\/renaissance.szczecin.pl\/wp-content\/uploads\/2025\/11\/renesans_gesina_zjedzmy-zupa.jpg' href=\"https:\/\/renaissance.szczecin.pl\/wp-content\/uploads\/2025\/11\/renesans_gesina_zjedzmy-zupa.jpg\" data-fancybox=\"wpcp_view\">\n\t\t<figure>\n\t\t\t<img loading=\"lazy\" decoding=\"async\" class=\"skip-lazy\" src=\"https:\/\/renaissance.szczecin.pl\/wp-content\/uploads\/2025\/11\/renesans_gesina_zjedzmy-zupa.jpg\" alt=\"renesans_g\u0119sina_zjedzmy-zupa\" width=\"1200\" height=\"837\">\t\t<\/figure>\n\t<\/a>\n\t\t<\/div>\n<\/div>\n\t<div class=\"swiper-slide\">\n\t<div class=\"wpcp-single-item\">\n\t\t\t<a class=\"wcp-light-box\" data-buttons='[\"close\"]' data-wpc_url='https:\/\/renaissance.szczecin.pl\/wp-content\/uploads\/2025\/11\/renesans_gesina_zjedzmy-deser.jpg' href=\"https:\/\/renaissance.szczecin.pl\/wp-content\/uploads\/2025\/11\/renesans_gesina_zjedzmy-deser.jpg\" data-fancybox=\"wpcp_view\">\n\t\t<figure>\n\t\t\t<img loading=\"lazy\" decoding=\"async\" class=\"skip-lazy\" src=\"https:\/\/renaissance.szczecin.pl\/wp-content\/uploads\/2025\/11\/renesans_gesina_zjedzmy-deser.jpg\" alt=\"renesans_g\u0119sina_zjedzmy-deser\" width=\"1200\" height=\"837\">\t\t<\/figure>\n\t<\/a>\n\t\t<\/div>\n<\/div>\n\t\t\t<\/div>\n\t\t\t\t\t<div class=\"wpcp-swiper-dots swiper-pagination\"><\/div>\n\t\t\t\t<!-- If we need navigation buttons -->\n\t\t\t\t\t<div class=\"wpcp-prev-button swiper-button-prev\"><i class=\"fa fa-angle-left\"><\/i><\/div>\n\t\t\t<div class=\"wpcp-next-button swiper-button-next\"><i class=\"fa fa-angle-right\"><\/i><\/div>\n\t\t\t<\/div>\n\t<\/div>\n<\/div>\n<\/p><\/div><\/div><\/div><\/div><\/div><\/div><\/div>\n","protected":false},"excerpt":{"rendered":"<p>Ab dem 11. November laden wir Sie zu einem einzigartigen Men\u00fc ein, in dem G\u00e4nsefleisch eine zentrale Rolle spielt! &#8222;Das Braten von G\u00e4nsen am St. Martinstag hat eine lange Tradition, was wahrscheinlich darauf zur\u00fcckzuf\u00fchren ist, dass die Grundbesitzer zu dieser&#8230;<\/p>\n","protected":false},"author":13,"featured_media":0,"parent":0,"menu_order":0,"comment_status":"closed","ping_status":"closed","template":"","meta":{"_monsterinsights_skip_tracking":false,"_monsterinsights_sitenote_active":false,"_monsterinsights_sitenote_note":"","_monsterinsights_sitenote_category":0,"footnotes":""},"class_list":["post-15905","page","type-page","status-publish","hentry"],"yoast_head":"<!-- This site is optimized with the Yoast SEO plugin v27.2 - https:\/\/yoast.com\/product\/yoast-seo-wordpress\/ -->\n<title>Gans am Sankt-Martins-Tag &#8211; Restauracja Renaissance Szczecin<\/title>\n<meta name=\"robots\" content=\"index, follow, max-snippet:-1, max-image-preview:large, max-video-preview:-1\" \/>\n<link rel=\"canonical\" href=\"https:\/\/renaissance.szczecin.pl\/de\/gans-am-sankt-martins-tag\/\" \/>\n<meta property=\"og:locale\" content=\"de_DE\" \/>\n<meta property=\"og:type\" content=\"article\" \/>\n<meta property=\"og:title\" content=\"Gans am Sankt-Martins-Tag &#8211; Restauracja Renaissance Szczecin\" \/>\n<meta property=\"og:description\" content=\"Ab dem 11. November laden wir Sie zu einem einzigartigen Men\u00fc ein, in dem G\u00e4nsefleisch eine zentrale Rolle spielt! &#8222;Das Braten von G\u00e4nsen am St. Martinstag hat eine lange Tradition, was wahrscheinlich darauf zur\u00fcckzuf\u00fchren ist, dass die Grundbesitzer zu dieser...\" \/>\n<meta property=\"og:url\" content=\"https:\/\/renaissance.szczecin.pl\/de\/gans-am-sankt-martins-tag\/\" \/>\n<meta property=\"og:site_name\" content=\"Restauracja Renaissance Szczecin\" \/>\n<meta property=\"article:modified_time\" content=\"2025-11-04T12:01:37+00:00\" \/>\n<meta name=\"twitter:card\" content=\"summary_large_image\" \/>\n<meta name=\"twitter:label1\" content=\"Gesch\u00e4tzte Lesezeit\" \/>\n\t<meta name=\"twitter:data1\" content=\"2\u00a0Minuten\" \/>\n<script type=\"application\/ld+json\" class=\"yoast-schema-graph\">{\"@context\":\"https:\/\/schema.org\",\"@graph\":[{\"@type\":\"WebPage\",\"@id\":\"https:\/\/renaissance.szczecin.pl\/de\/gans-am-sankt-martins-tag\/\",\"url\":\"https:\/\/renaissance.szczecin.pl\/de\/gans-am-sankt-martins-tag\/\",\"name\":\"Gans am Sankt-Martins-Tag &#8211; Restauracja Renaissance Szczecin\",\"isPartOf\":{\"@id\":\"https:\/\/renaissance.szczecin.pl\/#website\"},\"datePublished\":\"2024-10-30T09:40:29+00:00\",\"dateModified\":\"2025-11-04T12:01:37+00:00\",\"breadcrumb\":{\"@id\":\"https:\/\/renaissance.szczecin.pl\/de\/gans-am-sankt-martins-tag\/#breadcrumb\"},\"inLanguage\":\"de\",\"potentialAction\":[{\"@type\":\"ReadAction\",\"target\":[\"https:\/\/renaissance.szczecin.pl\/de\/gans-am-sankt-martins-tag\/\"]}]},{\"@type\":\"BreadcrumbList\",\"@id\":\"https:\/\/renaissance.szczecin.pl\/de\/gans-am-sankt-martins-tag\/#breadcrumb\",\"itemListElement\":[{\"@type\":\"ListItem\",\"position\":1,\"name\":\"Strona g\u0142\u00f3wna\",\"item\":\"https:\/\/renaissance.szczecin.pl\/de\/\"},{\"@type\":\"ListItem\",\"position\":2,\"name\":\"Gans am Sankt-Martins-Tag\"}]},{\"@type\":\"WebSite\",\"@id\":\"https:\/\/renaissance.szczecin.pl\/#website\",\"url\":\"https:\/\/renaissance.szczecin.pl\/\",\"name\":\"Restauracja Renaissance Szczecin\",\"description\":\"\",\"publisher\":{\"@id\":\"https:\/\/renaissance.szczecin.pl\/#organization\"},\"potentialAction\":[{\"@type\":\"SearchAction\",\"target\":{\"@type\":\"EntryPoint\",\"urlTemplate\":\"https:\/\/renaissance.szczecin.pl\/?s={search_term_string}\"},\"query-input\":{\"@type\":\"PropertyValueSpecification\",\"valueRequired\":true,\"valueName\":\"search_term_string\"}}],\"inLanguage\":\"de\"},{\"@type\":\"Organization\",\"@id\":\"https:\/\/renaissance.szczecin.pl\/#organization\",\"name\":\"Restauracja Renaissance\",\"url\":\"https:\/\/renaissance.szczecin.pl\/\",\"logo\":{\"@type\":\"ImageObject\",\"inLanguage\":\"de\",\"@id\":\"https:\/\/renaissance.szczecin.pl\/#\/schema\/logo\/image\/\",\"url\":\"https:\/\/renaissance.szczecin.pl\/wp-content\/uploads\/2019\/05\/Logo-Renaissance-main.png\",\"contentUrl\":\"https:\/\/renaissance.szczecin.pl\/wp-content\/uploads\/2019\/05\/Logo-Renaissance-main.png\",\"width\":370,\"height\":86,\"caption\":\"Restauracja Renaissance\"},\"image\":{\"@id\":\"https:\/\/renaissance.szczecin.pl\/#\/schema\/logo\/image\/\"}}]}<\/script>\n<!-- \/ Yoast SEO plugin. -->","yoast_head_json":{"title":"Gans am Sankt-Martins-Tag &#8211; Restauracja Renaissance Szczecin","robots":{"index":"index","follow":"follow","max-snippet":"max-snippet:-1","max-image-preview":"max-image-preview:large","max-video-preview":"max-video-preview:-1"},"canonical":"https:\/\/renaissance.szczecin.pl\/de\/gans-am-sankt-martins-tag\/","og_locale":"de_DE","og_type":"article","og_title":"Gans am Sankt-Martins-Tag &#8211; Restauracja Renaissance Szczecin","og_description":"Ab dem 11. November laden wir Sie zu einem einzigartigen Men\u00fc ein, in dem G\u00e4nsefleisch eine zentrale Rolle spielt! &#8222;Das Braten von G\u00e4nsen am St. Martinstag hat eine lange Tradition, was wahrscheinlich darauf zur\u00fcckzuf\u00fchren ist, dass die Grundbesitzer zu dieser...","og_url":"https:\/\/renaissance.szczecin.pl\/de\/gans-am-sankt-martins-tag\/","og_site_name":"Restauracja Renaissance Szczecin","article_modified_time":"2025-11-04T12:01:37+00:00","twitter_card":"summary_large_image","twitter_misc":{"Gesch\u00e4tzte Lesezeit":"2\u00a0Minuten"},"schema":{"@context":"https:\/\/schema.org","@graph":[{"@type":"WebPage","@id":"https:\/\/renaissance.szczecin.pl\/de\/gans-am-sankt-martins-tag\/","url":"https:\/\/renaissance.szczecin.pl\/de\/gans-am-sankt-martins-tag\/","name":"Gans am Sankt-Martins-Tag &#8211; Restauracja Renaissance Szczecin","isPartOf":{"@id":"https:\/\/renaissance.szczecin.pl\/#website"},"datePublished":"2024-10-30T09:40:29+00:00","dateModified":"2025-11-04T12:01:37+00:00","breadcrumb":{"@id":"https:\/\/renaissance.szczecin.pl\/de\/gans-am-sankt-martins-tag\/#breadcrumb"},"inLanguage":"de","potentialAction":[{"@type":"ReadAction","target":["https:\/\/renaissance.szczecin.pl\/de\/gans-am-sankt-martins-tag\/"]}]},{"@type":"BreadcrumbList","@id":"https:\/\/renaissance.szczecin.pl\/de\/gans-am-sankt-martins-tag\/#breadcrumb","itemListElement":[{"@type":"ListItem","position":1,"name":"Strona g\u0142\u00f3wna","item":"https:\/\/renaissance.szczecin.pl\/de\/"},{"@type":"ListItem","position":2,"name":"Gans am Sankt-Martins-Tag"}]},{"@type":"WebSite","@id":"https:\/\/renaissance.szczecin.pl\/#website","url":"https:\/\/renaissance.szczecin.pl\/","name":"Restauracja Renaissance Szczecin","description":"","publisher":{"@id":"https:\/\/renaissance.szczecin.pl\/#organization"},"potentialAction":[{"@type":"SearchAction","target":{"@type":"EntryPoint","urlTemplate":"https:\/\/renaissance.szczecin.pl\/?s={search_term_string}"},"query-input":{"@type":"PropertyValueSpecification","valueRequired":true,"valueName":"search_term_string"}}],"inLanguage":"de"},{"@type":"Organization","@id":"https:\/\/renaissance.szczecin.pl\/#organization","name":"Restauracja Renaissance","url":"https:\/\/renaissance.szczecin.pl\/","logo":{"@type":"ImageObject","inLanguage":"de","@id":"https:\/\/renaissance.szczecin.pl\/#\/schema\/logo\/image\/","url":"https:\/\/renaissance.szczecin.pl\/wp-content\/uploads\/2019\/05\/Logo-Renaissance-main.png","contentUrl":"https:\/\/renaissance.szczecin.pl\/wp-content\/uploads\/2019\/05\/Logo-Renaissance-main.png","width":370,"height":86,"caption":"Restauracja Renaissance"},"image":{"@id":"https:\/\/renaissance.szczecin.pl\/#\/schema\/logo\/image\/"}}]}},"_links":{"self":[{"href":"https:\/\/renaissance.szczecin.pl\/de\/wp-json\/wp\/v2\/pages\/15905","targetHints":{"allow":["GET"]}}],"collection":[{"href":"https:\/\/renaissance.szczecin.pl\/de\/wp-json\/wp\/v2\/pages"}],"about":[{"href":"https:\/\/renaissance.szczecin.pl\/de\/wp-json\/wp\/v2\/types\/page"}],"author":[{"embeddable":true,"href":"https:\/\/renaissance.szczecin.pl\/de\/wp-json\/wp\/v2\/users\/13"}],"replies":[{"embeddable":true,"href":"https:\/\/renaissance.szczecin.pl\/de\/wp-json\/wp\/v2\/comments?post=15905"}],"version-history":[{"count":4,"href":"https:\/\/renaissance.szczecin.pl\/de\/wp-json\/wp\/v2\/pages\/15905\/revisions"}],"predecessor-version":[{"id":16290,"href":"https:\/\/renaissance.szczecin.pl\/de\/wp-json\/wp\/v2\/pages\/15905\/revisions\/16290"}],"wp:attachment":[{"href":"https:\/\/renaissance.szczecin.pl\/de\/wp-json\/wp\/v2\/media?parent=15905"}],"curies":[{"name":"wp","href":"https:\/\/api.w.org\/{rel}","templated":true}]}}