{"id":16445,"date":"2026-03-25T10:29:49","date_gmt":"2026-03-25T09:29:49","guid":{"rendered":"https:\/\/renaissance.szczecin.pl\/wiosenny-festiwal-tatarow\/"},"modified":"2026-03-25T10:38:19","modified_gmt":"2026-03-25T09:38:19","slug":"fruehlings-tatar-festival","status":"publish","type":"page","link":"https:\/\/renaissance.szczecin.pl\/de\/fruehlings-tatar-festival\/","title":{"rendered":"Fr\u00fchlings-Tatar-Festival"},"content":{"rendered":"<div class=\"vamtam-blank-space \" style=\"height:30px\"><\/div>\n<div class=\"limit-wrapper\"><div class=\"row \"><div class=\"vamtam-grid grid-1-1  vamtam-first-level grid-1-1  first unextended has-extended-padding\" style=\"padding-top:0.05px;padding-bottom:0.05px;\" id=\"vamtam-column-b7344e9878dd9861a8217f3af52537ce\" ><div class=\"row \"><div class=\"vamtam-grid grid-3-5  grid-3-5  first unextended no-extended-padding\" style=\"padding-top:0.05px;padding-bottom:0.05px;\" id=\"vamtam-column-6b99db8e527fa10077af10622752b8cf\" ><h5><strong>Mit dem Fr\u00fchling laden wir Sie ein, eine besondere Interpretation eines der raffiniertesten Gerichte zu entdecken \u2013 Tatar!<\/strong><\/h5>\n<h5><strong>Angebot g\u00fcltig vom 1. bis 30. April.<\/strong><\/h5>\n<blockquote>\n<p data-start=\"65\" data-end=\"333\"><strong>Das Fr\u00fchlings-Tatar-Festival<\/strong> ist eine Feier von Frische, Qualit\u00e4t und Kreativit\u00e4t, bei der klassische Aromen auf moderne Interpretationen treffen.<\/p>\n<p data-start=\"991\" data-end=\"1323\">Wir haben Kompositionen aus sorgf\u00e4ltig ausgew\u00e4hlten Zutaten vorbereitet \u2013 von hochwertigem Rinderfilet \u00fcber Inspirationen aus dem Meer bis hin zu \u00fcberraschenden pflanzlichen Variationen. Jedes Tatar ist eine harmonische Verbindung von Texturen und Aromen und unterstreicht den Charakter der Saison sowie die Kochkunst unserer K\u00fcche.<\/p>\n<p data-start=\"1325\" data-end=\"1455\" data-is-last-node=\"\" data-is-only-node=\"\">G\u00f6nnen Sie sich eine kulinarische Reise voller Leichtigkeit, Frische und Raffinesse \u2013 der Fr\u00fchling hat noch nie so gut geschmeckt!<\/p>\n<\/blockquote>\n<p><strong>PERFEKTE KLASSIKER<\/strong><\/p>\n<p>Tatar aus zartem Rinderfilet mit marinierten Pilzen und Essiggurke<br \/>\n72 z\u0142<\/p>\n<p>Rindertatar aus gehacktem Rinderfilet mit Senf, frischer Gurke und Koriander<br \/>\n69 z\u0142<\/p>\n<p>Rindertatar aus gehacktem Rinderfilet mit Wachtelei und Topinambur-Chips<br \/>\n52 z\u0142<\/p>\n<p><strong>AROMEN DES MEERES<\/strong><\/p>\n<p>Thunfischtatar mit s\u00fc\u00dfer Mango und Kapern<br \/>\n70 z\u0142<\/p>\n<p>Lachstatar mit ger\u00e4ucherter Pfirsich und Lauchheu<br \/>\n67 z\u0142<\/p>\n<p><strong>GR\u00dcNE HARMONIE<\/strong><\/p>\n<p>Rote-Bete-Tatar mit nussiger Knusprigkeit und Eis<br \/>\n52 z\u0142<\/p>\n<p>Cashew-Tatar mit Bl\u00fctenpollen<br \/>\n56 z\u0142<\/p>\n<div class=\"sep\"><\/div>\n<p style=\"text-align: left;\"><span class='icon shortcode   use-hover' style='color:#cb7152;font-size:18px !important;'>&#57924;<\/span> Zu jedem Gericht servieren wir Brot<\/p><\/div>\n<div class=\"vamtam-grid grid-2-5  grid-2-5  unextended no-extended-padding\" style=\"padding-top:0.05px;padding-bottom:0.05px;\" id=\"vamtam-column-24bf6285e6ced6b17d43b8a744d8baed\" >\t\t<div class=\"sep-text single centered\">\n\t\t\t\t\t\t\t<div class=\"sep-text-before\"><div class=\"sep-text-line\"><\/div><\/div>\n\t\t\t\t\t\t<div class=\"content\">\n\t\t\t\t<h2 class=\"text-divider-double\">Reservieren Sie!<\/h2>\t\t\t<\/div>\n\t\t\t<div class=\"sep-text-after\"><div class=\"sep-text-line\"><\/div><\/div>\n\t\t\t\t\t<\/div>\n\t<p>\n<div class=\"wpcf7 no-js\" id=\"wpcf7-f15580-o1\" lang=\"pl-PL\" dir=\"ltr\" data-wpcf7-id=\"15580\">\n<div class=\"screen-reader-response\"><p role=\"status\" aria-live=\"polite\" aria-atomic=\"true\"><\/p> <ul><\/ul><\/div>\n<form action=\"\/de\/wp-json\/wp\/v2\/pages\/16445#wpcf7-f15580-o1\" method=\"post\" class=\"wpcf7-form init\" aria-label=\"Formularz kontaktowy\" novalidate=\"novalidate\" data-status=\"init\">\n<fieldset class=\"hidden-fields-container\"><input type=\"hidden\" name=\"_wpcf7\" value=\"15580\" \/><input type=\"hidden\" name=\"_wpcf7_version\" value=\"6.1.5\" \/><input type=\"hidden\" name=\"_wpcf7_locale\" value=\"pl_PL\" \/><input type=\"hidden\" name=\"_wpcf7_unit_tag\" value=\"wpcf7-f15580-o1\" \/><input type=\"hidden\" name=\"_wpcf7_container_post\" value=\"0\" \/><input type=\"hidden\" name=\"_wpcf7_posted_data_hash\" value=\"\" \/><input type=\"hidden\" name=\"_wpcf7_recaptcha_response\" value=\"\" \/>\n<\/fieldset>\n<p><label> Name<br \/>\n<span class=\"wpcf7-form-control-wrap\" data-name=\"your-name\"><input size=\"40\" maxlength=\"400\" class=\"wpcf7-form-control wpcf7-text wpcf7-validates-as-required\" autocomplete=\"name\" aria-required=\"true\" aria-invalid=\"false\" value=\"\" type=\"text\" name=\"your-name\" \/><\/span> <\/label>\n<\/p>\n<p><label> E-mail<br \/>\n<span class=\"wpcf7-form-control-wrap\" data-name=\"your-email\"><input size=\"40\" maxlength=\"400\" class=\"wpcf7-form-control wpcf7-email wpcf7-validates-as-required wpcf7-text wpcf7-validates-as-email\" autocomplete=\"email\" aria-required=\"true\" aria-invalid=\"false\" value=\"\" type=\"email\" name=\"your-email\" \/><\/span> <\/label>\n<\/p>\n<p><label> Telefon<br \/>\n<span class=\"wpcf7-form-control-wrap\" data-name=\"tel-230\"><input size=\"40\" maxlength=\"400\" class=\"wpcf7-form-control wpcf7-tel wpcf7-validates-as-required wpcf7-text wpcf7-validates-as-tel\" aria-required=\"true\" aria-invalid=\"false\" value=\"\" type=\"tel\" name=\"tel-230\" \/><\/span> <\/label>\n<\/p>\n<p><label> Reservieren Sie!<br \/>\n<span class=\"wpcf7-form-control-wrap\" data-name=\"your-message\"><textarea cols=\"40\" rows=\"10\" maxlength=\"2000\" class=\"wpcf7-form-control wpcf7-textarea wpcf7-validates-as-required\" aria-required=\"true\" aria-invalid=\"false\" name=\"your-message\">Bitte geben Sie das Datum, die Uhrzeit der Buchung und die Anzahl der Personen ein.<\/textarea><\/span> <\/label>\n<\/p>\n<p><input class=\"wpcf7-form-control wpcf7-submit has-spinner\" type=\"submit\" value=\"Senden\" \/>\n<\/p><div class=\"wpcf7-response-output\" aria-hidden=\"true\"><\/div>\n<\/form>\n<\/div>\n<\/p><\/div><\/div><\/div><\/div><\/div>\n<div class=\"limit-wrapper\"><div class=\"row \"><div class=\"vamtam-grid grid-1-1  vamtam-first-level grid-1-1  first unextended has-extended-padding\" style=\"padding-top:0.05px;padding-bottom:0.05px;\" id=\"vamtam-column-b5d9bda6a904743e86a07d81064d5b63\" ><div class=\"row \"><div class=\"vamtam-grid grid-1-1  grid-1-1  first unextended no-extended-padding\" style=\"padding-top:0.05px;padding-bottom:0.05px;\" id=\"vamtam-column-402c484671925b0f1a4a8a27005cbf02\" ><p><style type=\"text\/css\" scoped>.rbs_gallery_69d0f194e173dSpinner{\r\n\t\t\t\tmargin: 50px auto;\r\n\t\t\t\twidth: 50px;\r\n\t\t\t\theight: 40px;\r\n\t\t\t\ttext-align: center;\r\n\t\t\t\tfont-size: 10px;\r\n\t\t\t}\r\n\t\t\t.rbs_gallery_69d0f194e173dSpinner > div{\r\n\t\t\t  background-color: #333;\r\n\t\t\t  height: 100%;\r\n\t\t\t  width: 6px;\r\n\t\t\t  display: inline-block;\r\n\t\t\t  -webkit-animation: rbs_gallery_69d0f194e173d-stretchdelay 1.2s infinite ease-in-out;\r\n\t\t\t  animation: rbs_gallery_69d0f194e173d-stretchdelay 1.2s infinite ease-in-out;\r\n\t\t\t}\r\n\t\t\t.rbs_gallery_69d0f194e173dSpinner .rbs_gallery_69d0f194e173dRect2 {\r\n\t\t\t  -webkit-animation-delay: -1.1s;\r\n\t\t\t  animation-delay: -1.1s;\r\n\t\t\t}\r\n\t\t\t.rbs_gallery_69d0f194e173dSpinner .rbs_gallery_69d0f194e173dRect3 {\r\n\t\t\t  -webkit-animation-delay: -1.0s;\r\n\t\t\t  animation-delay: -1.0s;\r\n\t\t\t}\r\n\t\t\t.rbs_gallery_69d0f194e173dSpinner .rbs_gallery_69d0f194e173dRect4 {\r\n\t\t\t  -webkit-animation-delay: -0.9s;\r\n\t\t\t  animation-delay: -0.9s;\r\n\t\t\t}\r\n\t\t\t.rbs_gallery_69d0f194e173dSpinner .rbs_gallery_69d0f194e173dRect5 {\r\n\t\t\t  -webkit-animation-delay: -0.8s;\r\n\t\t\t  animation-delay: -0.8s;\r\n\t\t\t}\r\n\t\t\t@-webkit-keyframes rbs_gallery_69d0f194e173d-stretchdelay {\r\n\t\t\t  0%, 40%, 100% { -webkit-transform: scaleY(0.4) }  \r\n\t\t\t  20% { -webkit-transform: scaleY(1.0) }\r\n\t\t\t}\r\n\t\t\t@keyframes rbs_gallery_69d0f194e173d-stretchdelay {\r\n\t\t\t  0%, 40%, 100% { \r\n\t\t\t    transform: scaleY(0.4);\r\n\t\t\t    -webkit-transform: scaleY(0.4);\r\n\t\t\t  }  20% { \r\n\t\t\t    transform: scaleY(1.0);\r\n\t\t\t    -webkit-transform: scaleY(1.0);\r\n\t\t\t  }\r\n\t\t\t}\r\n\t\t<\/style><div class=\"robo-gallery-wrap robo-gallery-wrap-id16428 robo-gallery-grid\" ><div id=\"rbs_gallery_69d0f194e173d-block-loader\" class=\"rbs_gallery_69d0f194e173dSpinner\"><div class=\"rbs_gallery_69d0f194e173dRect1\"><\/div> <div class=\"rbs_gallery_69d0f194e173dRect2\"><\/div> <div class=\"rbs_gallery_69d0f194e173dRect3\"><\/div> <div class=\"rbs_gallery_69d0f194e173dRect4\"><\/div> <div class=\"rbs_gallery_69d0f194e173dRect5\"><\/div><\/div><div id=\"robo_gallery_main_block_rbs_gallery_69d0f194e173d\" class=\"robogallery-gallery-16428\" style=\"width:100%;  display: none;\"><div id=\"rbs_gallery_69d0f194e173d\" data-options=\"rbs_gallery_69d0f194e173d\" style=\"width:100%;\" class=\"robo_gallery  \"><div class=\"rbs-img  category16428 \" ><div class=\"rbs-img-image   rbs-lightbox \" ><div class=\"rbs-img-thumbs\"  data-thumbnail=\"https:\/\/renaissance.szczecin.pl\/wp-content\/uploads\/2026\/03\/renesans-tatary-galeria-1.jpg\"  title=\"renesans-tatary-galeria-1\"  data-width=\"500\"  data-height=\"500\" ><\/div><div class=\"rbs-img-data-popup\"  data-popup=\"https:\/\/renaissance.szczecin.pl\/wp-content\/uploads\/2026\/03\/renesans-tatary-galeria-1.jpg\"  title=\"renesans-tatary-galeria-1\" ><\/div><div class=\"thumbnail-overlay\"><div class=\"rbsIcons\"><i class=\"fa fa-search-plus rbsZoomIcon \" ><\/i><\/div><\/div><\/div><\/div><div class=\"rbs-img  category16428 \" ><div class=\"rbs-img-image   rbs-lightbox \" ><div class=\"rbs-img-thumbs\"  data-thumbnail=\"https:\/\/renaissance.szczecin.pl\/wp-content\/uploads\/2026\/03\/renesans-tatary-galeria-2.jpg\"  title=\"renesans-tatary-galeria-2\"  data-width=\"500\"  data-height=\"500\" ><\/div><div class=\"rbs-img-data-popup\"  data-popup=\"https:\/\/renaissance.szczecin.pl\/wp-content\/uploads\/2026\/03\/renesans-tatary-galeria-2.jpg\"  title=\"renesans-tatary-galeria-2\" ><\/div><div class=\"thumbnail-overlay\"><div class=\"rbsIcons\"><i class=\"fa fa-search-plus rbsZoomIcon \" ><\/i><\/div><\/div><\/div><\/div><div class=\"rbs-img  category16428 \" ><div class=\"rbs-img-image   rbs-lightbox \" ><div class=\"rbs-img-thumbs\"  data-thumbnail=\"https:\/\/renaissance.szczecin.pl\/wp-content\/uploads\/2026\/03\/renesans-tatary-galeria-3.jpg\"  title=\"renesans-tatary-galeria-3\"  data-width=\"500\"  data-height=\"500\" ><\/div><div class=\"rbs-img-data-popup\"  data-popup=\"https:\/\/renaissance.szczecin.pl\/wp-content\/uploads\/2026\/03\/renesans-tatary-galeria-3.jpg\"  title=\"renesans-tatary-galeria-3\" ><\/div><div class=\"thumbnail-overlay\"><div class=\"rbsIcons\"><i class=\"fa fa-search-plus rbsZoomIcon \" ><\/i><\/div><\/div><\/div><\/div><\/div><\/div><\/div><script>var rbs_gallery_69d0f194e173d = {\"version\":\"5.1.4\",\"id\":16428,\"class\":\"id16428\",\"roboGalleryDelay\":1000,\"mainContainer\":\"#robo_gallery_main_block_rbs_gallery_69d0f194e173d\",\"loadingContainer\":\"#rbs_gallery_69d0f194e173d-block-loader\",\"loadingContainerObj\":\"rbs_gallery_69d0f194e173d-block-loader\",\"columnWidth\":\"auto\",\"columns\":3,\"resolutions\":[{\"columnWidth\":\"auto\",\"columns\":3,\"maxWidth\":960},{\"columnWidth\":\"auto\",\"columns\":2,\"maxWidth\":650},{\"columnWidth\":\"auto\",\"columns\":1,\"maxWidth\":450}],\"hideTitle\":true,\"lightboxOptions\":{\"gallery\":{\"enabled\":true,\"tCounter\":\"%curr% of %total%\"}},\"overlayEffect\":\"direction-aware-fade\",\"boxesToLoadStart\":12,\"boxesToLoad\":8,\"waitUntilThumbLoads\":1,\"LoadingWord\":\"Loading...\",\"loadMoreWord\":\"Load More\",\"noMoreEntriesWord\":\"No More Entries\",\"horizontalSpaceBetweenBoxes\":15,\"verticalSpaceBetweenBoxes\":15,\"lazyLoad\":1,\"wrapContainer\":\"#robo-gallery-wrap-rbs_gallery_69d0f194e173d\"};<\/script><\/p>\n<div class=\"sep\"><\/div>\n<span class='icon shortcode   use-hover' style='color:red;font-size:16px !important;'>&#57935;<\/span> G\u00e4ste des Renaissance-Restaurants k\u00f6nnen den Hotelparkplatz kostenlos nutzen!<\/p><\/div><\/div><\/div><\/div><\/div>\n","protected":false},"excerpt":{"rendered":"<p>Mit dem Fr\u00fchling laden wir Sie ein, eine besondere Interpretation eines der raffiniertesten Gerichte zu entdecken \u2013 Tatar! Angebot g\u00fcltig vom 1. bis 30. April. Das Fr\u00fchlings-Tatar-Festival ist eine Feier von Frische, Qualit\u00e4t und Kreativit\u00e4t, bei der klassische Aromen auf&#8230;<\/p>\n","protected":false},"author":1,"featured_media":0,"parent":0,"menu_order":0,"comment_status":"closed","ping_status":"closed","template":"","meta":{"_monsterinsights_skip_tracking":false,"_monsterinsights_sitenote_active":false,"_monsterinsights_sitenote_note":"","_monsterinsights_sitenote_category":0,"footnotes":""},"class_list":["post-16445","page","type-page","status-publish","hentry"],"yoast_head":"<!-- This site is optimized with the Yoast SEO plugin v27.2 - https:\/\/yoast.com\/product\/yoast-seo-wordpress\/ -->\n<title>Fr\u00fchlings-Tatar-Festival &#8211; Restauracja Renaissance Szczecin<\/title>\n<meta name=\"description\" content=\"Mit dem Fr\u00fchling laden wir Sie ein, eine besondere Interpretation eines der raffiniertesten Gerichte zu entdecken \u2013 Tatar\" \/>\n<meta name=\"robots\" content=\"index, follow, max-snippet:-1, max-image-preview:large, max-video-preview:-1\" \/>\n<link rel=\"canonical\" href=\"https:\/\/renaissance.szczecin.pl\/de\/fruehlings-tatar-festival\/\" \/>\n<meta property=\"og:locale\" content=\"de_DE\" \/>\n<meta property=\"og:type\" content=\"article\" \/>\n<meta property=\"og:title\" content=\"Fr\u00fchlings-Tatar-Festival &#8211; Restauracja Renaissance Szczecin\" \/>\n<meta property=\"og:description\" content=\"Mit dem Fr\u00fchling laden wir Sie ein, eine besondere Interpretation eines der raffiniertesten Gerichte zu entdecken \u2013 Tatar\" \/>\n<meta property=\"og:url\" content=\"https:\/\/renaissance.szczecin.pl\/de\/fruehlings-tatar-festival\/\" \/>\n<meta property=\"og:site_name\" content=\"Restauracja Renaissance Szczecin\" \/>\n<meta property=\"article:modified_time\" content=\"2026-03-25T09:38:19+00:00\" \/>\n<meta name=\"twitter:card\" content=\"summary_large_image\" \/>\n<meta name=\"twitter:label1\" content=\"Gesch\u00e4tzte Lesezeit\" \/>\n\t<meta name=\"twitter:data1\" content=\"2\u00a0Minuten\" \/>\n<script type=\"application\/ld+json\" class=\"yoast-schema-graph\">{\"@context\":\"https:\/\/schema.org\",\"@graph\":[{\"@type\":\"WebPage\",\"@id\":\"https:\/\/renaissance.szczecin.pl\/de\/fruehlings-tatar-festival\/\",\"url\":\"https:\/\/renaissance.szczecin.pl\/de\/fruehlings-tatar-festival\/\",\"name\":\"Fr\u00fchlings-Tatar-Festival &#8211; Restauracja Renaissance Szczecin\",\"isPartOf\":{\"@id\":\"https:\/\/renaissance.szczecin.pl\/#website\"},\"datePublished\":\"2026-03-25T09:29:49+00:00\",\"dateModified\":\"2026-03-25T09:38:19+00:00\",\"description\":\"Mit dem Fr\u00fchling laden wir Sie ein, eine besondere Interpretation eines der raffiniertesten Gerichte zu entdecken \u2013 Tatar\",\"breadcrumb\":{\"@id\":\"https:\/\/renaissance.szczecin.pl\/de\/fruehlings-tatar-festival\/#breadcrumb\"},\"inLanguage\":\"de\",\"potentialAction\":[{\"@type\":\"ReadAction\",\"target\":[\"https:\/\/renaissance.szczecin.pl\/de\/fruehlings-tatar-festival\/\"]}]},{\"@type\":\"BreadcrumbList\",\"@id\":\"https:\/\/renaissance.szczecin.pl\/de\/fruehlings-tatar-festival\/#breadcrumb\",\"itemListElement\":[{\"@type\":\"ListItem\",\"position\":1,\"name\":\"Strona g\u0142\u00f3wna\",\"item\":\"https:\/\/renaissance.szczecin.pl\/de\/\"},{\"@type\":\"ListItem\",\"position\":2,\"name\":\"Fr\u00fchlings-Tatar-Festival\"}]},{\"@type\":\"WebSite\",\"@id\":\"https:\/\/renaissance.szczecin.pl\/#website\",\"url\":\"https:\/\/renaissance.szczecin.pl\/\",\"name\":\"Restauracja Renaissance Szczecin\",\"description\":\"\",\"publisher\":{\"@id\":\"https:\/\/renaissance.szczecin.pl\/#organization\"},\"potentialAction\":[{\"@type\":\"SearchAction\",\"target\":{\"@type\":\"EntryPoint\",\"urlTemplate\":\"https:\/\/renaissance.szczecin.pl\/?s={search_term_string}\"},\"query-input\":{\"@type\":\"PropertyValueSpecification\",\"valueRequired\":true,\"valueName\":\"search_term_string\"}}],\"inLanguage\":\"de\"},{\"@type\":\"Organization\",\"@id\":\"https:\/\/renaissance.szczecin.pl\/#organization\",\"name\":\"Restauracja Renaissance\",\"url\":\"https:\/\/renaissance.szczecin.pl\/\",\"logo\":{\"@type\":\"ImageObject\",\"inLanguage\":\"de\",\"@id\":\"https:\/\/renaissance.szczecin.pl\/#\/schema\/logo\/image\/\",\"url\":\"https:\/\/renaissance.szczecin.pl\/wp-content\/uploads\/2019\/05\/Logo-Renaissance-main.png\",\"contentUrl\":\"https:\/\/renaissance.szczecin.pl\/wp-content\/uploads\/2019\/05\/Logo-Renaissance-main.png\",\"width\":370,\"height\":86,\"caption\":\"Restauracja Renaissance\"},\"image\":{\"@id\":\"https:\/\/renaissance.szczecin.pl\/#\/schema\/logo\/image\/\"}}]}<\/script>\n<!-- \/ Yoast SEO plugin. -->","yoast_head_json":{"title":"Fr\u00fchlings-Tatar-Festival &#8211; Restauracja Renaissance Szczecin","description":"Mit dem Fr\u00fchling laden wir Sie ein, eine besondere Interpretation eines der raffiniertesten Gerichte zu entdecken \u2013 Tatar","robots":{"index":"index","follow":"follow","max-snippet":"max-snippet:-1","max-image-preview":"max-image-preview:large","max-video-preview":"max-video-preview:-1"},"canonical":"https:\/\/renaissance.szczecin.pl\/de\/fruehlings-tatar-festival\/","og_locale":"de_DE","og_type":"article","og_title":"Fr\u00fchlings-Tatar-Festival &#8211; Restauracja Renaissance Szczecin","og_description":"Mit dem Fr\u00fchling laden wir Sie ein, eine besondere Interpretation eines der raffiniertesten Gerichte zu entdecken \u2013 Tatar","og_url":"https:\/\/renaissance.szczecin.pl\/de\/fruehlings-tatar-festival\/","og_site_name":"Restauracja Renaissance Szczecin","article_modified_time":"2026-03-25T09:38:19+00:00","twitter_card":"summary_large_image","twitter_misc":{"Gesch\u00e4tzte Lesezeit":"2\u00a0Minuten"},"schema":{"@context":"https:\/\/schema.org","@graph":[{"@type":"WebPage","@id":"https:\/\/renaissance.szczecin.pl\/de\/fruehlings-tatar-festival\/","url":"https:\/\/renaissance.szczecin.pl\/de\/fruehlings-tatar-festival\/","name":"Fr\u00fchlings-Tatar-Festival &#8211; Restauracja Renaissance Szczecin","isPartOf":{"@id":"https:\/\/renaissance.szczecin.pl\/#website"},"datePublished":"2026-03-25T09:29:49+00:00","dateModified":"2026-03-25T09:38:19+00:00","description":"Mit dem Fr\u00fchling laden wir Sie ein, eine besondere Interpretation eines der raffiniertesten Gerichte zu entdecken \u2013 Tatar","breadcrumb":{"@id":"https:\/\/renaissance.szczecin.pl\/de\/fruehlings-tatar-festival\/#breadcrumb"},"inLanguage":"de","potentialAction":[{"@type":"ReadAction","target":["https:\/\/renaissance.szczecin.pl\/de\/fruehlings-tatar-festival\/"]}]},{"@type":"BreadcrumbList","@id":"https:\/\/renaissance.szczecin.pl\/de\/fruehlings-tatar-festival\/#breadcrumb","itemListElement":[{"@type":"ListItem","position":1,"name":"Strona g\u0142\u00f3wna","item":"https:\/\/renaissance.szczecin.pl\/de\/"},{"@type":"ListItem","position":2,"name":"Fr\u00fchlings-Tatar-Festival"}]},{"@type":"WebSite","@id":"https:\/\/renaissance.szczecin.pl\/#website","url":"https:\/\/renaissance.szczecin.pl\/","name":"Restauracja Renaissance Szczecin","description":"","publisher":{"@id":"https:\/\/renaissance.szczecin.pl\/#organization"},"potentialAction":[{"@type":"SearchAction","target":{"@type":"EntryPoint","urlTemplate":"https:\/\/renaissance.szczecin.pl\/?s={search_term_string}"},"query-input":{"@type":"PropertyValueSpecification","valueRequired":true,"valueName":"search_term_string"}}],"inLanguage":"de"},{"@type":"Organization","@id":"https:\/\/renaissance.szczecin.pl\/#organization","name":"Restauracja Renaissance","url":"https:\/\/renaissance.szczecin.pl\/","logo":{"@type":"ImageObject","inLanguage":"de","@id":"https:\/\/renaissance.szczecin.pl\/#\/schema\/logo\/image\/","url":"https:\/\/renaissance.szczecin.pl\/wp-content\/uploads\/2019\/05\/Logo-Renaissance-main.png","contentUrl":"https:\/\/renaissance.szczecin.pl\/wp-content\/uploads\/2019\/05\/Logo-Renaissance-main.png","width":370,"height":86,"caption":"Restauracja Renaissance"},"image":{"@id":"https:\/\/renaissance.szczecin.pl\/#\/schema\/logo\/image\/"}}]}},"_links":{"self":[{"href":"https:\/\/renaissance.szczecin.pl\/de\/wp-json\/wp\/v2\/pages\/16445","targetHints":{"allow":["GET"]}}],"collection":[{"href":"https:\/\/renaissance.szczecin.pl\/de\/wp-json\/wp\/v2\/pages"}],"about":[{"href":"https:\/\/renaissance.szczecin.pl\/de\/wp-json\/wp\/v2\/types\/page"}],"author":[{"embeddable":true,"href":"https:\/\/renaissance.szczecin.pl\/de\/wp-json\/wp\/v2\/users\/1"}],"replies":[{"embeddable":true,"href":"https:\/\/renaissance.szczecin.pl\/de\/wp-json\/wp\/v2\/comments?post=16445"}],"version-history":[{"count":2,"href":"https:\/\/renaissance.szczecin.pl\/de\/wp-json\/wp\/v2\/pages\/16445\/revisions"}],"predecessor-version":[{"id":16449,"href":"https:\/\/renaissance.szczecin.pl\/de\/wp-json\/wp\/v2\/pages\/16445\/revisions\/16449"}],"wp:attachment":[{"href":"https:\/\/renaissance.szczecin.pl\/de\/wp-json\/wp\/v2\/media?parent=16445"}],"curies":[{"name":"wp","href":"https:\/\/api.w.org\/{rel}","templated":true}]}}